{"id":3356,"date":"2024-01-20T11:02:33","date_gmt":"2024-01-20T17:02:33","guid":{"rendered":"https:\/\/libreriahistoriasdebolsillo.com\/?post_type=product&#038;p=3356"},"modified":"2025-02-14T17:33:37","modified_gmt":"2025-02-14T23:33:37","slug":"1000-nuevos-datos-locos-del-futbol-mundial","status":"publish","type":"product","link":"https:\/\/libreriahistoriasdebolsillo.com\/index.php\/producto\/1000-nuevos-datos-locos-del-futbol-mundial\/","title":{"rendered":"1000 nuevos datos locos del f\u00fatbol mundial"},"content":{"rendered":"<p>Ya conociste muchos datos ins\u00f3litos sobre el f\u00fatbol en 1.000 datos locos del f\u00fatbol mundial. En este segundo libro, el autor re\u00fane 1.000 NUEVOS datos sobre el deporte m\u00e1s popular de todos los tiempos. Aqu\u00ed encontrar\u00e1s informaci\u00f3n actualizada sobre historia, equipos, r\u00e9cords, jugadores, estad\u00edsticas y finales. Prep\u00e1rate: \u00a1hay mil razones para leerlo y sorprenderte!<\/p>\n","protected":false},"excerpt":{"rendered":"<p>Anibal Litvin<\/p>\n","protected":false},"featured_media":3357,"template":"","meta":{"_joinchat":[]},"product_brand":[],"product_cat":[54,52,41],"product_tag":[48],"class_list":{"0":"post-3356","1":"product","2":"type-product","3":"status-publish","4":"has-post-thumbnail","6":"product_cat-infantil","7":"product_cat-juvenil","8":"product_cat-desarrollo-humano","9":"product_tag-vr-editoras","11":"first","12":"instock","13":"shipping-taxable","14":"purchasable","15":"product-type-simple"},"_links":{"self":[{"href":"https:\/\/libreriahistoriasdebolsillo.com\/index.php\/wp-json\/wp\/v2\/product\/3356","targetHints":{"allow":["GET"]}}],"collection":[{"href":"https:\/\/libreriahistoriasdebolsillo.com\/index.php\/wp-json\/wp\/v2\/product"}],"about":[{"href":"https:\/\/libreriahistoriasdebolsillo.com\/index.php\/wp-json\/wp\/v2\/types\/product"}],"wp:featuredmedia":[{"embeddable":true,"href":"https:\/\/libreriahistoriasdebolsillo.com\/index.php\/wp-json\/wp\/v2\/media\/3357"}],"wp:attachment":[{"href":"https:\/\/libreriahistoriasdebolsillo.com\/index.php\/wp-json\/wp\/v2\/media?parent=3356"}],"wp:term":[{"taxonomy":"product_brand","embeddable":true,"href":"https:\/\/libreriahistoriasdebolsillo.com\/index.php\/wp-json\/wp\/v2\/product_brand?post=3356"},{"taxonomy":"product_cat","embeddable":true,"href":"https:\/\/libreriahistoriasdebolsillo.com\/index.php\/wp-json\/wp\/v2\/product_cat?post=3356"},{"taxonomy":"product_tag","embeddable":true,"href":"https:\/\/libreriahistoriasdebolsillo.com\/index.php\/wp-json\/wp\/v2\/product_tag?post=3356"}],"curies":[{"name":"wp","href":"https:\/\/api.w.org\/{rel}","templated":true}]}}