{"id":3358,"date":"2024-01-20T11:05:55","date_gmt":"2024-01-20T17:05:55","guid":{"rendered":"https:\/\/libreriahistoriasdebolsillo.com\/?post_type=product&#038;p=3358"},"modified":"2025-02-14T17:33:32","modified_gmt":"2025-02-14T23:33:32","slug":"1000-datos-curiosos-tiernos-y-sorprendentes-sobre-perros-y-gatos","status":"publish","type":"product","link":"https:\/\/libreriahistoriasdebolsillo.com\/index.php\/producto\/1000-datos-curiosos-tiernos-y-sorprendentes-sobre-perros-y-gatos\/","title":{"rendered":"1000 datos curiosos, tiernos y sorprendentes sobre perros y gatos"},"content":{"rendered":"<p>\u00bfAdoras a los perros?<\/p>\n<p>\u00bfSientes ganas de apretujar a cada gatito que se cruza en tu camino?<\/p>\n<p>Entonces, \u00a1este libro es para ti! Aqu\u00ed encontrar\u00e1s los datos m\u00e1s<br \/>\nsorprendentes sobre los animales que cada d\u00eda conquistan el<br \/>\ncoraz\u00f3n de millones de seres humanos.<\/p>\n<p>\u2022 Si un gato frota su cabeza contra una persona, le est\u00e1 diciendo<\/p>\n<p>que pertenece a su territorio y que la acepta como parte de su<br \/>\nvida.<\/p>\n<p>\u2022 En 2014, Derby, un perro que naci\u00f3 sin sus patas delanteras, se convirti\u00f3 en el primer can en recibir una pr\u00f3tesis realizada con una impresora 3D.<\/p>\n<p>\u2022 En 91 pa\u00edses, las publicaciones sobre gatos en Instagram son<br \/>\nm\u00e1s populares que las de perros.<\/p>\n<p>\u2022 Hello Kitty fue dise\u00f1ada sin boca, para que no exprese sus<br \/>\nsentimientos y que, la persona que la mire, plasme en ella su<br \/>\npropio estado de \u00e1nimo.<\/p>\n<p>\u2022 Cuando un perro galgo corre, pasa hasta el 75 % del tiempo<br \/>\nen el aire.<\/p>\n","protected":false},"excerpt":{"rendered":"<p>Anibal Litvin<\/p>\n","protected":false},"featured_media":3359,"template":"","meta":{"_joinchat":[]},"product_brand":[],"product_cat":[54,52,41],"product_tag":[48],"class_list":{"0":"post-3358","1":"product","2":"type-product","3":"status-publish","4":"has-post-thumbnail","6":"product_cat-infantil","7":"product_cat-juvenil","8":"product_cat-desarrollo-humano","9":"product_tag-vr-editoras","11":"first","12":"instock","13":"shipping-taxable","14":"purchasable","15":"product-type-simple"},"_links":{"self":[{"href":"https:\/\/libreriahistoriasdebolsillo.com\/index.php\/wp-json\/wp\/v2\/product\/3358","targetHints":{"allow":["GET"]}}],"collection":[{"href":"https:\/\/libreriahistoriasdebolsillo.com\/index.php\/wp-json\/wp\/v2\/product"}],"about":[{"href":"https:\/\/libreriahistoriasdebolsillo.com\/index.php\/wp-json\/wp\/v2\/types\/product"}],"wp:featuredmedia":[{"embeddable":true,"href":"https:\/\/libreriahistoriasdebolsillo.com\/index.php\/wp-json\/wp\/v2\/media\/3359"}],"wp:attachment":[{"href":"https:\/\/libreriahistoriasdebolsillo.com\/index.php\/wp-json\/wp\/v2\/media?parent=3358"}],"wp:term":[{"taxonomy":"product_brand","embeddable":true,"href":"https:\/\/libreriahistoriasdebolsillo.com\/index.php\/wp-json\/wp\/v2\/product_brand?post=3358"},{"taxonomy":"product_cat","embeddable":true,"href":"https:\/\/libreriahistoriasdebolsillo.com\/index.php\/wp-json\/wp\/v2\/product_cat?post=3358"},{"taxonomy":"product_tag","embeddable":true,"href":"https:\/\/libreriahistoriasdebolsillo.com\/index.php\/wp-json\/wp\/v2\/product_tag?post=3358"}],"curies":[{"name":"wp","href":"https:\/\/api.w.org\/{rel}","templated":true}]}}