{"id":3368,"date":"2024-01-20T11:31:56","date_gmt":"2024-01-20T17:31:56","guid":{"rendered":"https:\/\/libreriahistoriasdebolsillo.com\/?post_type=product&#038;p=3368"},"modified":"2025-02-13T18:48:43","modified_gmt":"2025-02-14T00:48:43","slug":"coloreanding-mexico","status":"publish","type":"product","link":"https:\/\/libreriahistoriasdebolsillo.com\/index.php\/producto\/coloreanding-mexico\/","title":{"rendered":"#Coloreanding M\u00e9xico"},"content":{"rendered":"<p>\u00a1COLOREANDING es un verbo que no existe!<br \/>\nPorque tampoco existe una edad o una forma de iluminar este libro.<br \/>\nCOLOREANDING es para ese ni\u00f1o o ni\u00f1a que todav\u00eda vive en ti y que disfruta de lo m\u00e1s simple del mundo: una hoja de papel y unos l\u00e1pices de colores.<br \/>\nCOLOREANDING te transporta a lo m\u00e1s esencial, al placer de crear y regalar.<br \/>\nPinta tu obra de arte, rec\u00f3rtala, enm\u00e1rcala y tendr\u00e1s un regalo que dir\u00e1 mucho de ti y de cu\u00e1nto te importan los dem\u00e1s.<\/p>\n","protected":false},"excerpt":{"rendered":"<p>\u00a1COLOREANDING es un verbo que no existe! Porque tampoco existe una edad o una forma de iluminar este libro. COLOREANDING es para ese ni\u00f1o o ni\u00f1a que todav\u00eda vive en ti y que disfruta de lo m\u00e1s simple del mundo: una hoja de papel y unos l\u00e1pices de colores. COLOREANDING te transporta a lo m\u00e1s [&hellip;]<\/p>\n","protected":false},"featured_media":3369,"template":"","meta":{"_joinchat":[]},"product_brand":[],"product_cat":[50],"product_tag":[48],"class_list":{"0":"post-3368","1":"product","2":"type-product","3":"status-publish","4":"has-post-thumbnail","6":"product_cat-mandalas-y-libros-para-colorear","7":"product_tag-vr-editoras","9":"first","10":"outofstock","11":"shipping-taxable","12":"purchasable","13":"product-type-simple"},"_links":{"self":[{"href":"https:\/\/libreriahistoriasdebolsillo.com\/index.php\/wp-json\/wp\/v2\/product\/3368","targetHints":{"allow":["GET"]}}],"collection":[{"href":"https:\/\/libreriahistoriasdebolsillo.com\/index.php\/wp-json\/wp\/v2\/product"}],"about":[{"href":"https:\/\/libreriahistoriasdebolsillo.com\/index.php\/wp-json\/wp\/v2\/types\/product"}],"wp:featuredmedia":[{"embeddable":true,"href":"https:\/\/libreriahistoriasdebolsillo.com\/index.php\/wp-json\/wp\/v2\/media\/3369"}],"wp:attachment":[{"href":"https:\/\/libreriahistoriasdebolsillo.com\/index.php\/wp-json\/wp\/v2\/media?parent=3368"}],"wp:term":[{"taxonomy":"product_brand","embeddable":true,"href":"https:\/\/libreriahistoriasdebolsillo.com\/index.php\/wp-json\/wp\/v2\/product_brand?post=3368"},{"taxonomy":"product_cat","embeddable":true,"href":"https:\/\/libreriahistoriasdebolsillo.com\/index.php\/wp-json\/wp\/v2\/product_cat?post=3368"},{"taxonomy":"product_tag","embeddable":true,"href":"https:\/\/libreriahistoriasdebolsillo.com\/index.php\/wp-json\/wp\/v2\/product_tag?post=3368"}],"curies":[{"name":"wp","href":"https:\/\/api.w.org\/{rel}","templated":true}]}}