{"id":3370,"date":"2024-01-20T11:33:11","date_gmt":"2024-01-20T17:33:11","guid":{"rendered":"https:\/\/libreriahistoriasdebolsillo.com\/?post_type=product&#038;p=3370"},"modified":"2025-02-13T18:48:39","modified_gmt":"2025-02-14T00:48:39","slug":"coloreanding-lettering","status":"publish","type":"product","link":"https:\/\/libreriahistoriasdebolsillo.com\/index.php\/producto\/coloreanding-lettering\/","title":{"rendered":"#Coloreanding Lettering"},"content":{"rendered":"<p>En todos los lugares del mundo existen letreros muy formales (o r\u00edgidos) y la mayor\u00eda da \u00f3rdenes como: \u00abNo te estaciones\u00bb. Seguramente tienes m\u00e1s de un post-it con la clave del wifi escrita en tinta roja, guardas servilletas con el nombre de la persona en la que piensas todo el d\u00eda o nunca has sabido qu\u00e9 hacer con todas esas frases buen\u00edsimas que se te ocurren.<br \/>\nEste libro es para que recuperes el gran poder que tienen tus palabras y tus ideas, pues est\u00e1 en tus manos expresar lo que piensas y sientes de la manera m\u00e1s bonita. Te invitamos a recorrer los principios del lettering mientras exploras todo eso que tienes guardado y no sab\u00edas d\u00f3nde escribir.<\/p>\n","protected":false},"excerpt":{"rendered":"<p>En todos los lugares del mundo existen letreros muy formales (o r\u00edgidos) y la mayor\u00eda da \u00f3rdenes como: \u00abNo te estaciones\u00bb. Seguramente tienes m\u00e1s de un post-it con la clave del wifi escrita en tinta roja, guardas servilletas con el nombre de la persona en la que piensas todo el d\u00eda o nunca has sabido [&hellip;]<\/p>\n","protected":false},"featured_media":3371,"template":"","meta":{"_joinchat":[]},"product_brand":[],"product_cat":[50],"product_tag":[48],"class_list":{"0":"post-3370","1":"product","2":"type-product","3":"status-publish","4":"has-post-thumbnail","6":"product_cat-mandalas-y-libros-para-colorear","7":"product_tag-vr-editoras","9":"first","10":"outofstock","11":"shipping-taxable","12":"purchasable","13":"product-type-simple"},"_links":{"self":[{"href":"https:\/\/libreriahistoriasdebolsillo.com\/index.php\/wp-json\/wp\/v2\/product\/3370","targetHints":{"allow":["GET"]}}],"collection":[{"href":"https:\/\/libreriahistoriasdebolsillo.com\/index.php\/wp-json\/wp\/v2\/product"}],"about":[{"href":"https:\/\/libreriahistoriasdebolsillo.com\/index.php\/wp-json\/wp\/v2\/types\/product"}],"wp:featuredmedia":[{"embeddable":true,"href":"https:\/\/libreriahistoriasdebolsillo.com\/index.php\/wp-json\/wp\/v2\/media\/3371"}],"wp:attachment":[{"href":"https:\/\/libreriahistoriasdebolsillo.com\/index.php\/wp-json\/wp\/v2\/media?parent=3370"}],"wp:term":[{"taxonomy":"product_brand","embeddable":true,"href":"https:\/\/libreriahistoriasdebolsillo.com\/index.php\/wp-json\/wp\/v2\/product_brand?post=3370"},{"taxonomy":"product_cat","embeddable":true,"href":"https:\/\/libreriahistoriasdebolsillo.com\/index.php\/wp-json\/wp\/v2\/product_cat?post=3370"},{"taxonomy":"product_tag","embeddable":true,"href":"https:\/\/libreriahistoriasdebolsillo.com\/index.php\/wp-json\/wp\/v2\/product_tag?post=3370"}],"curies":[{"name":"wp","href":"https:\/\/api.w.org\/{rel}","templated":true}]}}