{"id":3378,"date":"2024-01-20T11:43:03","date_gmt":"2024-01-20T17:43:03","guid":{"rendered":"https:\/\/libreriahistoriasdebolsillo.com\/?post_type=product&#038;p=3378"},"modified":"2025-02-13T18:47:14","modified_gmt":"2025-02-14T00:47:14","slug":"firelight-2-vanish","status":"publish","type":"product","link":"https:\/\/libreriahistoriasdebolsillo.com\/index.php\/producto\/firelight-2-vanish\/","title":{"rendered":"Firelight 2. Vanish"},"content":{"rendered":"<p>Un amor prohibido. Rivalidades crueles. Decisiones sorpresivas y fatales.<\/p>\n<p>Para salvar la vida de Will, Jacinda traicion\u00f3 el mayor secreto de su especie.<br \/>\nAhora debe regresar a su comunidad sabiendo que no lo ver\u00e1 nunca m\u00e1s y temiendo lo peor: que \u00e9l la olvide.<br \/>\nEl clan la recibe con hostilidad. Su nueva vida, sometida a la autoridad y la vigilancia constante la ahoga en la desesperaci\u00f3n.<br \/>\nAislada, est\u00e1 a merced de Cassian, el pr\u00edncipe heredero. Y entre ambos, Tamara, cuya vida dio un vuelco trascendental por uno de esos extra\u00f1os caprichos del destino.<br \/>\nJacinda sabe que deber\u00eda olvidar a Will, pero<br \/>\nContinuar es dif\u00edcil. Luchar es casi imposible y temerario.<br \/>\n\u00bfSe atrever\u00e1 a desafiar nuevamente las leyes y a arriesgarlo todo por amor? \u00bfDe qu\u00e9 es capaz una draki de fuego acorralada?<br \/>\nVanish es la segunda entrega de la saga Firelight. Secretos ancestrales, especies enemigas, amores imposibles y batallas \u00e2\u20ac\u201ctanto interiores como sangrientas\u00e2\u20ac\u201c acompa\u00f1an una historia diferente, pasional, m\u00edtica.<br \/>\nUna historia que atrapa al lector con sus llamas, para hundirlo de pronto en la niebla de una incertidumbre peligrosa<\/p>\n","protected":false},"excerpt":{"rendered":"<p>Sophie Jordan<\/p>\n","protected":false},"featured_media":3379,"template":"","meta":{"_joinchat":[]},"product_brand":[],"product_cat":[39],"product_tag":[48],"class_list":{"0":"post-3378","1":"product","2":"type-product","3":"status-publish","4":"has-post-thumbnail","6":"product_cat-fantasia","7":"product_tag-vr-editoras","9":"first","10":"outofstock","11":"shipping-taxable","12":"purchasable","13":"product-type-simple"},"_links":{"self":[{"href":"https:\/\/libreriahistoriasdebolsillo.com\/index.php\/wp-json\/wp\/v2\/product\/3378","targetHints":{"allow":["GET"]}}],"collection":[{"href":"https:\/\/libreriahistoriasdebolsillo.com\/index.php\/wp-json\/wp\/v2\/product"}],"about":[{"href":"https:\/\/libreriahistoriasdebolsillo.com\/index.php\/wp-json\/wp\/v2\/types\/product"}],"wp:featuredmedia":[{"embeddable":true,"href":"https:\/\/libreriahistoriasdebolsillo.com\/index.php\/wp-json\/wp\/v2\/media\/3379"}],"wp:attachment":[{"href":"https:\/\/libreriahistoriasdebolsillo.com\/index.php\/wp-json\/wp\/v2\/media?parent=3378"}],"wp:term":[{"taxonomy":"product_brand","embeddable":true,"href":"https:\/\/libreriahistoriasdebolsillo.com\/index.php\/wp-json\/wp\/v2\/product_brand?post=3378"},{"taxonomy":"product_cat","embeddable":true,"href":"https:\/\/libreriahistoriasdebolsillo.com\/index.php\/wp-json\/wp\/v2\/product_cat?post=3378"},{"taxonomy":"product_tag","embeddable":true,"href":"https:\/\/libreriahistoriasdebolsillo.com\/index.php\/wp-json\/wp\/v2\/product_tag?post=3378"}],"curies":[{"name":"wp","href":"https:\/\/api.w.org\/{rel}","templated":true}]}}