{"id":3380,"date":"2024-01-20T11:44:23","date_gmt":"2024-01-20T17:44:23","guid":{"rendered":"https:\/\/libreriahistoriasdebolsillo.com\/?post_type=product&#038;p=3380"},"modified":"2025-02-13T18:47:10","modified_gmt":"2025-02-14T00:47:10","slug":"firelight-3-hidden","status":"publish","type":"product","link":"https:\/\/libreriahistoriasdebolsillo.com\/index.php\/producto\/firelight-3-hidden\/","title":{"rendered":"Firelight 3. Hidden"},"content":{"rendered":"<p>Una experiencia aterradora.<br \/>\nUna persecuci\u00f3n peligrosa.<br \/>\nUna batalla final a puro fuego.<\/p>\n<p>Cuando Miram es capturada por los temibles enkros, Jacinda siente que su deber es rescatarla. Para ello, junto a su hermana Tamara, Will y Cassian, idea un plan para ingresar a la fortaleza de sus enemigos. All\u00ed encontrar\u00e1 a Miram, a otros drakis prisioneros y se enfrentar\u00e1 a la misteriosa desaparici\u00f3n de su padre.<br \/>\nJacinda conf\u00eda en salir sana y salva de all\u00ed para empezar una nueva vida junto a Will, lejos del clan. Pero lo que no imagina es que escapar ser\u00e1 apenas el comienzo de una sangrienta odisea<br \/>\nNada ser\u00e1 igual cuando los protagonistas se enfrenten a la verdad, cuando respiren la atm\u00f3sfera de traici\u00f3n y muerte que envuelve esta novela.<br \/>\nEl amor, la amistad y la lealtad, los conflictos familiares y de poder, se ponen a prueba en el ansiado final de la trilog\u00eda Firelight.<\/p>\n","protected":false},"excerpt":{"rendered":"<p>Sophie Jordan<\/p>\n","protected":false},"featured_media":3381,"template":"","meta":{"_joinchat":[]},"product_brand":[],"product_cat":[39],"product_tag":[48],"class_list":{"0":"post-3380","1":"product","2":"type-product","3":"status-publish","4":"has-post-thumbnail","6":"product_cat-fantasia","7":"product_tag-vr-editoras","9":"first","10":"outofstock","11":"shipping-taxable","12":"purchasable","13":"product-type-simple"},"_links":{"self":[{"href":"https:\/\/libreriahistoriasdebolsillo.com\/index.php\/wp-json\/wp\/v2\/product\/3380","targetHints":{"allow":["GET"]}}],"collection":[{"href":"https:\/\/libreriahistoriasdebolsillo.com\/index.php\/wp-json\/wp\/v2\/product"}],"about":[{"href":"https:\/\/libreriahistoriasdebolsillo.com\/index.php\/wp-json\/wp\/v2\/types\/product"}],"wp:featuredmedia":[{"embeddable":true,"href":"https:\/\/libreriahistoriasdebolsillo.com\/index.php\/wp-json\/wp\/v2\/media\/3381"}],"wp:attachment":[{"href":"https:\/\/libreriahistoriasdebolsillo.com\/index.php\/wp-json\/wp\/v2\/media?parent=3380"}],"wp:term":[{"taxonomy":"product_brand","embeddable":true,"href":"https:\/\/libreriahistoriasdebolsillo.com\/index.php\/wp-json\/wp\/v2\/product_brand?post=3380"},{"taxonomy":"product_cat","embeddable":true,"href":"https:\/\/libreriahistoriasdebolsillo.com\/index.php\/wp-json\/wp\/v2\/product_cat?post=3380"},{"taxonomy":"product_tag","embeddable":true,"href":"https:\/\/libreriahistoriasdebolsillo.com\/index.php\/wp-json\/wp\/v2\/product_tag?post=3380"}],"curies":[{"name":"wp","href":"https:\/\/api.w.org\/{rel}","templated":true}]}}