{"id":3384,"date":"2024-01-20T11:47:24","date_gmt":"2024-01-20T17:47:24","guid":{"rendered":"https:\/\/libreriahistoriasdebolsillo.com\/?post_type=product&#038;p=3384"},"modified":"2025-02-13T18:46:44","modified_gmt":"2025-02-14T00:46:44","slug":"darth-paper-contraataca","status":"publish","type":"product","link":"https:\/\/libreriahistoriasdebolsillo.com\/index.php\/producto\/darth-paper-contraataca\/","title":{"rendered":"Darth paper contraataca"},"content":{"rendered":"<p>No hace mucho tiempo, en un colegio no tan lejano&#8230;<br \/>\nSucedi\u00f3 algo asombroso. Un chico raro, llamado Dwight, cre\u00f3 un Yoda Origami de papel y lo llevaba en el dedo (esto no fue lo asombroso, solo una rareza de Dwight). Lo sorprendente fue que ese Yoda Origami daba consejos incre\u00edbles. Predijo la fecha de un examen sorpresa, le dijo a un chico si una chica gustaba o no de \u00e9l y salv\u00f3 a muchos de caer en situaciones vergonzosas. Por eso, la mayor\u00eda de los alumnos de sexto grado estaban convencidos de que estaba usando la Fuerza.<br \/>\nPero, un a\u00f1o despu\u00e9s, el colegio McQuarrie est\u00e1 atravesando un per\u00edodo oscuro. Dwight fue suspendido y tal vez sea expulsado, lo que significar\u00eda no m\u00e1s Yoda Origami. Y lo peor, Darth Paper, un origami hecho por Harvey, el archienemigo de Dwight, tom\u00f3 su lugar. Darth Paper arroja insultos y maldad, y es el responsable de que quieran expulsar a Dwight del colegio. Ahora todos los compa\u00f1eros del cole est\u00e1n intentando armar un caso para salvar a Dwight. Este libro contiene los expedientes del caso.<\/p>\n","protected":false},"excerpt":{"rendered":"<p>No hace mucho tiempo, en un colegio no tan lejano&#8230; Sucedi\u00f3 algo asombroso. Un chico raro, llamado Dwight, cre\u00f3 un Yoda Origami de papel y lo llevaba en el dedo (esto no fue lo asombroso, solo una rareza de Dwight). Lo sorprendente fue que ese Yoda Origami daba consejos incre\u00edbles. Predijo la fecha de un [&hellip;]<\/p>\n","protected":false},"featured_media":3385,"template":"","meta":{"_joinchat":[]},"product_brand":[],"product_cat":[52,41],"product_tag":[48],"class_list":{"0":"post-3384","1":"product","2":"type-product","3":"status-publish","4":"has-post-thumbnail","6":"product_cat-juvenil","7":"product_cat-desarrollo-humano","8":"product_tag-vr-editoras","10":"first","11":"outofstock","12":"shipping-taxable","13":"purchasable","14":"product-type-simple"},"_links":{"self":[{"href":"https:\/\/libreriahistoriasdebolsillo.com\/index.php\/wp-json\/wp\/v2\/product\/3384","targetHints":{"allow":["GET"]}}],"collection":[{"href":"https:\/\/libreriahistoriasdebolsillo.com\/index.php\/wp-json\/wp\/v2\/product"}],"about":[{"href":"https:\/\/libreriahistoriasdebolsillo.com\/index.php\/wp-json\/wp\/v2\/types\/product"}],"wp:featuredmedia":[{"embeddable":true,"href":"https:\/\/libreriahistoriasdebolsillo.com\/index.php\/wp-json\/wp\/v2\/media\/3385"}],"wp:attachment":[{"href":"https:\/\/libreriahistoriasdebolsillo.com\/index.php\/wp-json\/wp\/v2\/media?parent=3384"}],"wp:term":[{"taxonomy":"product_brand","embeddable":true,"href":"https:\/\/libreriahistoriasdebolsillo.com\/index.php\/wp-json\/wp\/v2\/product_brand?post=3384"},{"taxonomy":"product_cat","embeddable":true,"href":"https:\/\/libreriahistoriasdebolsillo.com\/index.php\/wp-json\/wp\/v2\/product_cat?post=3384"},{"taxonomy":"product_tag","embeddable":true,"href":"https:\/\/libreriahistoriasdebolsillo.com\/index.php\/wp-json\/wp\/v2\/product_tag?post=3384"}],"curies":[{"name":"wp","href":"https:\/\/api.w.org\/{rel}","templated":true}]}}