{"id":3386,"date":"2024-01-20T11:48:39","date_gmt":"2024-01-20T17:48:39","guid":{"rendered":"https:\/\/libreriahistoriasdebolsillo.com\/?post_type=product&#038;p=3386"},"modified":"2025-02-13T18:46:47","modified_gmt":"2025-02-14T00:46:47","slug":"el-secreto-de-fortune-wookiee","status":"publish","type":"product","link":"https:\/\/libreriahistoriasdebolsillo.com\/index.php\/producto\/el-secreto-de-fortune-wookiee\/","title":{"rendered":"El secreto de fortune Wookiee"},"content":{"rendered":"<p>\u00bfES POSIBLE ARMAR UN CASO SIN YODA ORIGAMI?<br \/>\nCon Dwight suspendido, la Escuela McQuarrie se est\u00e1 perdiendo al concurrente m\u00e1s famoso: Yoda Origami. Y sin Yoda, no hay caso misterioso por resolver. Pero justo cuando Tommy se pregunta si podr\u00e1 encontrar un tema interesante sobre el cual escribir, algo GRANDE aparece. Algo GRANDE y PELUDO&#8230; es Fortune Wookiee, un adivinador o comecocos con forma de Chewbacca. Lo trajo Sara, y dice que se lo regal\u00f3 Dwight para que d\u00e9 tan buenos consejos como los que daba Yoda Origami. \u00a1Misterioso \u00e9l es!<br \/>\nTommy, Kellen y Harvey est\u00e1n en el caso. Pero pronto reciben informaci\u00f3n bastante preocupante: en su nuevo colegio, Dwight se comporta de manera extra\u00f1a, es decir, ya no lleva a Yoda Origami en su bolsillo y act\u00faa como un chico normal. Ahora tendr\u00e1n dos misterios para resolver&#8230; \u00bfFortune Wookiee tambi\u00e9n usa la Fuerza? \u00bfDeber\u00edan dejar que Dwight se vuelva un chico normal?<br \/>\nBonus: con instrucciones para armar 2 origami.<\/p>\n","protected":false},"excerpt":{"rendered":"<p>\u00bfES POSIBLE ARMAR UN CASO SIN YODA ORIGAMI? Con Dwight suspendido, la Escuela McQuarrie se est\u00e1 perdiendo al concurrente m\u00e1s famoso: Yoda Origami. Y sin Yoda, no hay caso misterioso por resolver. Pero justo cuando Tommy se pregunta si podr\u00e1 encontrar un tema interesante sobre el cual escribir, algo GRANDE aparece. Algo GRANDE y PELUDO&#8230; [&hellip;]<\/p>\n","protected":false},"featured_media":3387,"template":"","meta":{"_joinchat":[]},"product_brand":[],"product_cat":[52,41],"product_tag":[48],"class_list":{"0":"post-3386","1":"product","2":"type-product","3":"status-publish","4":"has-post-thumbnail","6":"product_cat-juvenil","7":"product_cat-desarrollo-humano","8":"product_tag-vr-editoras","10":"first","11":"outofstock","12":"shipping-taxable","13":"purchasable","14":"product-type-simple"},"_links":{"self":[{"href":"https:\/\/libreriahistoriasdebolsillo.com\/index.php\/wp-json\/wp\/v2\/product\/3386","targetHints":{"allow":["GET"]}}],"collection":[{"href":"https:\/\/libreriahistoriasdebolsillo.com\/index.php\/wp-json\/wp\/v2\/product"}],"about":[{"href":"https:\/\/libreriahistoriasdebolsillo.com\/index.php\/wp-json\/wp\/v2\/types\/product"}],"wp:featuredmedia":[{"embeddable":true,"href":"https:\/\/libreriahistoriasdebolsillo.com\/index.php\/wp-json\/wp\/v2\/media\/3387"}],"wp:attachment":[{"href":"https:\/\/libreriahistoriasdebolsillo.com\/index.php\/wp-json\/wp\/v2\/media?parent=3386"}],"wp:term":[{"taxonomy":"product_brand","embeddable":true,"href":"https:\/\/libreriahistoriasdebolsillo.com\/index.php\/wp-json\/wp\/v2\/product_brand?post=3386"},{"taxonomy":"product_cat","embeddable":true,"href":"https:\/\/libreriahistoriasdebolsillo.com\/index.php\/wp-json\/wp\/v2\/product_cat?post=3386"},{"taxonomy":"product_tag","embeddable":true,"href":"https:\/\/libreriahistoriasdebolsillo.com\/index.php\/wp-json\/wp\/v2\/product_tag?post=3386"}],"curies":[{"name":"wp","href":"https:\/\/api.w.org\/{rel}","templated":true}]}}