{"id":3388,"date":"2024-01-20T11:49:43","date_gmt":"2024-01-20T17:49:43","guid":{"rendered":"https:\/\/libreriahistoriasdebolsillo.com\/?post_type=product&#038;p=3388"},"modified":"2025-02-13T18:46:51","modified_gmt":"2025-02-14T00:46:51","slug":"el-ataque-sorpresa-de-jabba-el-titere","status":"publish","type":"product","link":"https:\/\/libreriahistoriasdebolsillo.com\/index.php\/producto\/el-ataque-sorpresa-de-jabba-el-titere\/","title":{"rendered":"El ataque sorpresa de Jabba el t\u00edtere"},"content":{"rendered":"<p>ALGUNOS PROBLEMAS SON DEMASIADO GRANDES PARA QUE YODA ORIGAMI ACT\u00c3\u0161E SOLO<br \/>\nYoda Origami ha utilizado su sabidur\u00eda Jedi para ayudar a los chicos de la Escuela McQuarrie. Pero este semestre, Dwight, Tommy, Sara y los dem\u00e1s tendr\u00e1n que enfrentar a su peor enemigo: el nuevo programa educativo FUNEDUNFOCAR. Eso significa que tendr\u00e1n que prepararse para los pr\u00f3ximos Ex\u00e1menes Estatales de Nivel y ver una infinidad de aburrid\u00edsimos videos del Profesor Funedunfocar y su calculadora cantora. Y lo peor de todo, mientras dure el programa, \u00a1se cancelar\u00e1n sus clases preferidas: arte, coro, rob\u00f3tica y artesan\u00edas!<br \/>\nUna vez m\u00e1s, ellos apelan a la ayuda de Yoda Origami, pero este les advierte que est\u00e1n frente a un enemigo demasiado grande para \u00e9l. Si quieren recuperar sus clases favoritas tendr\u00e1n que formar la Alianza Rebelde. En cuesti\u00f3n de d\u00edas, decenas de chicos, cada uno con su propio origami, se unir\u00e1n a la Alianza&#8230; pero \u00bfla Fuerza estar\u00e1 con ellos o la amenaza de FUNEDUNFO\u00c2\u00acCAR terminar\u00e1 por derrotarlos?<br \/>\nBonus: con instrucciones para armar 2 origami.<\/p>\n","protected":false},"excerpt":{"rendered":"<p>ALGUNOS PROBLEMAS SON DEMASIADO GRANDES PARA QUE YODA ORIGAMI ACT\u00c3\u0161E SOLO Yoda Origami ha utilizado su sabidur\u00eda Jedi para ayudar a los chicos de la Escuela McQuarrie. Pero este semestre, Dwight, Tommy, Sara y los dem\u00e1s tendr\u00e1n que enfrentar a su peor enemigo: el nuevo programa educativo FUNEDUNFOCAR. Eso significa que tendr\u00e1n que prepararse para [&hellip;]<\/p>\n","protected":false},"featured_media":3389,"template":"","meta":{"_joinchat":[]},"product_brand":[],"product_cat":[52,41],"product_tag":[48],"class_list":{"0":"post-3388","1":"product","2":"type-product","3":"status-publish","4":"has-post-thumbnail","6":"product_cat-juvenil","7":"product_cat-desarrollo-humano","8":"product_tag-vr-editoras","10":"first","11":"outofstock","12":"shipping-taxable","13":"purchasable","14":"product-type-simple"},"_links":{"self":[{"href":"https:\/\/libreriahistoriasdebolsillo.com\/index.php\/wp-json\/wp\/v2\/product\/3388","targetHints":{"allow":["GET"]}}],"collection":[{"href":"https:\/\/libreriahistoriasdebolsillo.com\/index.php\/wp-json\/wp\/v2\/product"}],"about":[{"href":"https:\/\/libreriahistoriasdebolsillo.com\/index.php\/wp-json\/wp\/v2\/types\/product"}],"wp:featuredmedia":[{"embeddable":true,"href":"https:\/\/libreriahistoriasdebolsillo.com\/index.php\/wp-json\/wp\/v2\/media\/3389"}],"wp:attachment":[{"href":"https:\/\/libreriahistoriasdebolsillo.com\/index.php\/wp-json\/wp\/v2\/media?parent=3388"}],"wp:term":[{"taxonomy":"product_brand","embeddable":true,"href":"https:\/\/libreriahistoriasdebolsillo.com\/index.php\/wp-json\/wp\/v2\/product_brand?post=3388"},{"taxonomy":"product_cat","embeddable":true,"href":"https:\/\/libreriahistoriasdebolsillo.com\/index.php\/wp-json\/wp\/v2\/product_cat?post=3388"},{"taxonomy":"product_tag","embeddable":true,"href":"https:\/\/libreriahistoriasdebolsillo.com\/index.php\/wp-json\/wp\/v2\/product_tag?post=3388"}],"curies":[{"name":"wp","href":"https:\/\/api.w.org\/{rel}","templated":true}]}}