{"id":3390,"date":"2024-01-20T11:52:10","date_gmt":"2024-01-20T17:52:10","guid":{"rendered":"https:\/\/libreriahistoriasdebolsillo.com\/?post_type=product&#038;p=3390"},"modified":"2025-02-13T18:47:32","modified_gmt":"2025-02-14T00:47:32","slug":"warren-xiii-y-el-ojo-que-todo-lo-ve","status":"publish","type":"product","link":"https:\/\/libreriahistoriasdebolsillo.com\/index.php\/producto\/warren-xiii-y-el-ojo-que-todo-lo-ve\/","title":{"rendered":"Warren XIII y el ojo que todo lo ve"},"content":{"rendered":"<p>Warren XIII es el solitario botones, valet, jardinero y muchacho de los mandados del antiguo hotel de su familia: una mansi\u00f3n extra\u00f1a, sombr\u00eda, llena de pasillos sinuosos y de enigmas secretos, que, aparentemente, tambi\u00e9n es el hogar de un tesoro m\u00e1gico conocido como el Ojo que-Todolo-Ve. El orgullo y la felicidad de Warren est\u00e1n puestos en ese viejo hotel, que es lo \u00fanico que le qued\u00f3 de sus padres. Pero desde que su malvada t\u00eda Anaconda se hizo cargo de la administraci\u00f3n, las cosas empezaron a ir de mal en peor&#8230; Para que Warren pueda salvar el legado de su familia, debe encontrar el Ojo Avizor antes que su t\u00eda, pero para hacerlo necesitar\u00e1 resolver otros muchos misterios.<\/p>\n","protected":false},"excerpt":{"rendered":"<p>Tan\u00eda del R\u00edo<\/p>\n","protected":false},"featured_media":3391,"template":"","meta":{"_joinchat":[]},"product_brand":[],"product_cat":[54,52],"product_tag":[48],"class_list":{"0":"post-3390","1":"product","2":"type-product","3":"status-publish","4":"has-post-thumbnail","6":"product_cat-infantil","7":"product_cat-juvenil","8":"product_tag-vr-editoras","10":"first","11":"outofstock","12":"shipping-taxable","13":"purchasable","14":"product-type-simple"},"_links":{"self":[{"href":"https:\/\/libreriahistoriasdebolsillo.com\/index.php\/wp-json\/wp\/v2\/product\/3390","targetHints":{"allow":["GET"]}}],"collection":[{"href":"https:\/\/libreriahistoriasdebolsillo.com\/index.php\/wp-json\/wp\/v2\/product"}],"about":[{"href":"https:\/\/libreriahistoriasdebolsillo.com\/index.php\/wp-json\/wp\/v2\/types\/product"}],"wp:featuredmedia":[{"embeddable":true,"href":"https:\/\/libreriahistoriasdebolsillo.com\/index.php\/wp-json\/wp\/v2\/media\/3391"}],"wp:attachment":[{"href":"https:\/\/libreriahistoriasdebolsillo.com\/index.php\/wp-json\/wp\/v2\/media?parent=3390"}],"wp:term":[{"taxonomy":"product_brand","embeddable":true,"href":"https:\/\/libreriahistoriasdebolsillo.com\/index.php\/wp-json\/wp\/v2\/product_brand?post=3390"},{"taxonomy":"product_cat","embeddable":true,"href":"https:\/\/libreriahistoriasdebolsillo.com\/index.php\/wp-json\/wp\/v2\/product_cat?post=3390"},{"taxonomy":"product_tag","embeddable":true,"href":"https:\/\/libreriahistoriasdebolsillo.com\/index.php\/wp-json\/wp\/v2\/product_tag?post=3390"}],"curies":[{"name":"wp","href":"https:\/\/api.w.org\/{rel}","templated":true}]}}