{"id":3392,"date":"2024-01-20T11:53:01","date_gmt":"2024-01-20T17:53:01","guid":{"rendered":"https:\/\/libreriahistoriasdebolsillo.com\/?post_type=product&#038;p=3392"},"modified":"2025-02-13T18:47:28","modified_gmt":"2025-02-14T00:47:28","slug":"warren-xiii-y-el-bosque-de-los-susurros","status":"publish","type":"product","link":"https:\/\/libreriahistoriasdebolsillo.com\/index.php\/producto\/warren-xiii-y-el-bosque-de-los-susurros\/","title":{"rendered":"Warren XIII y el bosque de los susurros"},"content":{"rendered":"<p>\u00a1Warren XIII ha regresado!<\/p>\n<p>El Hotel Warren es todo un \u00e9xito. El primer hotel viajero del mundo maravilla a sus hu\u00e9spedes traslad\u00e1ndolos por los m\u00e1s hermosos y variados destinos. De pronto, sin embargo, una inesperada falla los deja varados en el medio de un tenebroso bosque. All\u00ed, Warren XIII se encuentra frente a frente con el siniestro \u201cWorrin\u201d, quien est\u00e1 decidido a tomar el control del hotel. Para que todo vuelva a ser como antes, Warren tendr\u00e1 que desentra\u00f1ar muchos misterios.<\/p>\n","protected":false},"excerpt":{"rendered":"<p>Tan\u00eda del R\u00edo<\/p>\n","protected":false},"featured_media":3393,"template":"","meta":{"_joinchat":[]},"product_brand":[],"product_cat":[54,52],"product_tag":[],"class_list":{"0":"post-3392","1":"product","2":"type-product","3":"status-publish","4":"has-post-thumbnail","6":"product_cat-infantil","7":"product_cat-juvenil","9":"first","10":"outofstock","11":"shipping-taxable","12":"purchasable","13":"product-type-simple"},"_links":{"self":[{"href":"https:\/\/libreriahistoriasdebolsillo.com\/index.php\/wp-json\/wp\/v2\/product\/3392","targetHints":{"allow":["GET"]}}],"collection":[{"href":"https:\/\/libreriahistoriasdebolsillo.com\/index.php\/wp-json\/wp\/v2\/product"}],"about":[{"href":"https:\/\/libreriahistoriasdebolsillo.com\/index.php\/wp-json\/wp\/v2\/types\/product"}],"wp:featuredmedia":[{"embeddable":true,"href":"https:\/\/libreriahistoriasdebolsillo.com\/index.php\/wp-json\/wp\/v2\/media\/3393"}],"wp:attachment":[{"href":"https:\/\/libreriahistoriasdebolsillo.com\/index.php\/wp-json\/wp\/v2\/media?parent=3392"}],"wp:term":[{"taxonomy":"product_brand","embeddable":true,"href":"https:\/\/libreriahistoriasdebolsillo.com\/index.php\/wp-json\/wp\/v2\/product_brand?post=3392"},{"taxonomy":"product_cat","embeddable":true,"href":"https:\/\/libreriahistoriasdebolsillo.com\/index.php\/wp-json\/wp\/v2\/product_cat?post=3392"},{"taxonomy":"product_tag","embeddable":true,"href":"https:\/\/libreriahistoriasdebolsillo.com\/index.php\/wp-json\/wp\/v2\/product_tag?post=3392"}],"curies":[{"name":"wp","href":"https:\/\/api.w.org\/{rel}","templated":true}]}}