{"id":3394,"date":"2024-01-20T11:59:20","date_gmt":"2024-01-20T17:59:20","guid":{"rendered":"https:\/\/libreriahistoriasdebolsillo.com\/?post_type=product&#038;p=3394"},"modified":"2025-02-14T17:41:35","modified_gmt":"2025-02-14T23:41:35","slug":"el-t-rex-tenia-plumas","status":"publish","type":"product","link":"https:\/\/libreriahistoriasdebolsillo.com\/index.php\/producto\/el-t-rex-tenia-plumas\/","title":{"rendered":"\u00bfEl T-rex ten\u00eda plumas?"},"content":{"rendered":"<p>\u00bfCu\u00e1ndo vivieron los dinosaurios? \u00bfDe qu\u00e9 colores eran? \u00bfC\u00f3mo se extinguieron? \u00bfCu\u00e1les eran los m\u00e1s fuertes? \u00bfY los m\u00e1s raros?<br \/>\nAqu\u00ed encontrar\u00e1s las respuestas a estas y a muchas otras preguntas. Con datos incre\u00edbles y divertidas ilustraciones, este libro te invita a viajar a la prehistoria para conocer a las bestias m\u00e1s feroces que reinaron en la Tierra.<br \/>\nCon textos claros y en un atractivo formato pregunta-respuesta, para que los lectores aprendan sobre los dinosaurios y su mundo de manera accesible y entretenida.<br \/>\nCon ilustraciones din\u00e1micas y divertidas.<\/p>\n","protected":false},"excerpt":{"rendered":"<p>Thomas Canavan<\/p>\n","protected":false},"featured_media":3395,"template":"","meta":{"_joinchat":[]},"product_brand":[],"product_cat":[54],"product_tag":[48],"class_list":{"0":"post-3394","1":"product","2":"type-product","3":"status-publish","4":"has-post-thumbnail","6":"product_cat-infantil","7":"product_tag-vr-editoras","9":"first","10":"outofstock","11":"shipping-taxable","12":"purchasable","13":"product-type-simple"},"_links":{"self":[{"href":"https:\/\/libreriahistoriasdebolsillo.com\/index.php\/wp-json\/wp\/v2\/product\/3394","targetHints":{"allow":["GET"]}}],"collection":[{"href":"https:\/\/libreriahistoriasdebolsillo.com\/index.php\/wp-json\/wp\/v2\/product"}],"about":[{"href":"https:\/\/libreriahistoriasdebolsillo.com\/index.php\/wp-json\/wp\/v2\/types\/product"}],"wp:featuredmedia":[{"embeddable":true,"href":"https:\/\/libreriahistoriasdebolsillo.com\/index.php\/wp-json\/wp\/v2\/media\/3395"}],"wp:attachment":[{"href":"https:\/\/libreriahistoriasdebolsillo.com\/index.php\/wp-json\/wp\/v2\/media?parent=3394"}],"wp:term":[{"taxonomy":"product_brand","embeddable":true,"href":"https:\/\/libreriahistoriasdebolsillo.com\/index.php\/wp-json\/wp\/v2\/product_brand?post=3394"},{"taxonomy":"product_cat","embeddable":true,"href":"https:\/\/libreriahistoriasdebolsillo.com\/index.php\/wp-json\/wp\/v2\/product_cat?post=3394"},{"taxonomy":"product_tag","embeddable":true,"href":"https:\/\/libreriahistoriasdebolsillo.com\/index.php\/wp-json\/wp\/v2\/product_tag?post=3394"}],"curies":[{"name":"wp","href":"https:\/\/api.w.org\/{rel}","templated":true}]}}