{"id":3396,"date":"2024-01-20T12:00:23","date_gmt":"2024-01-20T18:00:23","guid":{"rendered":"https:\/\/libreriahistoriasdebolsillo.com\/?post_type=product&#038;p=3396"},"modified":"2025-02-14T17:41:19","modified_gmt":"2025-02-14T23:41:19","slug":"greta-y-los-gigantes","status":"publish","type":"product","link":"https:\/\/libreriahistoriasdebolsillo.com\/index.php\/producto\/greta-y-los-gigantes\/","title":{"rendered":"Greta y los gigantes"},"content":{"rendered":"<p>Greta vive en un hermoso bosque amenazado por Gigantes.<br \/>\nCuando ellos llegaron all\u00ed, lo primero que hicieron fue cortar \u00e1rboles para construir casas.<br \/>\nLas casas se convirtieron en pueblos, y los pueblos se transformaron en ciudades, hasta que casi no quedaron bosques. Afortunadamente, Greta tiene una idea<\/p>\n<p>Este libro cuenta, para los m\u00e1s chicos, la historia de Greta Thunberg en su intento por salvar al mundo contra el cambio clim\u00e1tico.<br \/>\nTambi\u00e9n tiene datos sobre la historia real de Greta, que sigue luchando contra el cambio clim\u00e1tico, e invita a que los ni\u00f1os puedan acompa\u00f1arla en esta lucha.<\/p>\n","protected":false},"excerpt":{"rendered":"<p>Zoe Tucker<\/p>\n","protected":false},"featured_media":3397,"template":"","meta":{"_joinchat":[]},"product_brand":[],"product_cat":[54],"product_tag":[48],"class_list":{"0":"post-3396","1":"product","2":"type-product","3":"status-publish","4":"has-post-thumbnail","6":"product_cat-infantil","7":"product_tag-vr-editoras","9":"first","10":"outofstock","11":"shipping-taxable","12":"purchasable","13":"product-type-simple"},"_links":{"self":[{"href":"https:\/\/libreriahistoriasdebolsillo.com\/index.php\/wp-json\/wp\/v2\/product\/3396","targetHints":{"allow":["GET"]}}],"collection":[{"href":"https:\/\/libreriahistoriasdebolsillo.com\/index.php\/wp-json\/wp\/v2\/product"}],"about":[{"href":"https:\/\/libreriahistoriasdebolsillo.com\/index.php\/wp-json\/wp\/v2\/types\/product"}],"wp:featuredmedia":[{"embeddable":true,"href":"https:\/\/libreriahistoriasdebolsillo.com\/index.php\/wp-json\/wp\/v2\/media\/3397"}],"wp:attachment":[{"href":"https:\/\/libreriahistoriasdebolsillo.com\/index.php\/wp-json\/wp\/v2\/media?parent=3396"}],"wp:term":[{"taxonomy":"product_brand","embeddable":true,"href":"https:\/\/libreriahistoriasdebolsillo.com\/index.php\/wp-json\/wp\/v2\/product_brand?post=3396"},{"taxonomy":"product_cat","embeddable":true,"href":"https:\/\/libreriahistoriasdebolsillo.com\/index.php\/wp-json\/wp\/v2\/product_cat?post=3396"},{"taxonomy":"product_tag","embeddable":true,"href":"https:\/\/libreriahistoriasdebolsillo.com\/index.php\/wp-json\/wp\/v2\/product_tag?post=3396"}],"curies":[{"name":"wp","href":"https:\/\/api.w.org\/{rel}","templated":true}]}}