{"id":3398,"date":"2024-01-20T12:01:19","date_gmt":"2024-01-20T18:01:19","guid":{"rendered":"https:\/\/libreriahistoriasdebolsillo.com\/?post_type=product&#038;p=3398"},"modified":"2025-02-14T17:41:06","modified_gmt":"2025-02-14T23:41:06","slug":"yo-y-mi-miedo","status":"publish","type":"product","link":"https:\/\/libreriahistoriasdebolsillo.com\/index.php\/producto\/yo-y-mi-miedo\/","title":{"rendered":"Yo y mi miedo"},"content":{"rendered":"<p>\u00bfC\u00f3mo puedo hacer amigos si no entiendo a nadie? \u00bfC\u00f3mo puedo esperar que alguien me comprenda?<\/p>\n<p>Cuando una ni\u00f1a tiene que trasladarse de un pa\u00eds a otro y asistir a una nueva escuela, su miedo le dice que debe estar sola y asustada.<br \/>\nDe la premiada autora e ilustradora de\u00a0<a href=\"https:\/\/vreditoras.com.ar\/libro\/609\/el-viaje\">El viaje<\/a>, esta perspicaz y delicada historia muestra que todos podemos encontrar amistad y consuelo cuando compartimos nuestros miedos. Este libro ayudar\u00e1 a los peque\u00f1os lectores a comprender c\u00f3mo se siente un amigo que es nuevo en la escuela o en la ciudad, y muestra la importancia de compartir nuestros temores para conectarnos con los dem\u00e1s.<\/p>\n","protected":false},"excerpt":{"rendered":"<p>Francesca Sana<\/p>\n","protected":false},"featured_media":3399,"template":"","meta":{"_joinchat":[]},"product_brand":[],"product_cat":[54],"product_tag":[48],"class_list":{"0":"post-3398","1":"product","2":"type-product","3":"status-publish","4":"has-post-thumbnail","6":"product_cat-infantil","7":"product_tag-vr-editoras","9":"first","10":"outofstock","11":"shipping-taxable","12":"purchasable","13":"product-type-simple"},"_links":{"self":[{"href":"https:\/\/libreriahistoriasdebolsillo.com\/index.php\/wp-json\/wp\/v2\/product\/3398","targetHints":{"allow":["GET"]}}],"collection":[{"href":"https:\/\/libreriahistoriasdebolsillo.com\/index.php\/wp-json\/wp\/v2\/product"}],"about":[{"href":"https:\/\/libreriahistoriasdebolsillo.com\/index.php\/wp-json\/wp\/v2\/types\/product"}],"wp:featuredmedia":[{"embeddable":true,"href":"https:\/\/libreriahistoriasdebolsillo.com\/index.php\/wp-json\/wp\/v2\/media\/3399"}],"wp:attachment":[{"href":"https:\/\/libreriahistoriasdebolsillo.com\/index.php\/wp-json\/wp\/v2\/media?parent=3398"}],"wp:term":[{"taxonomy":"product_brand","embeddable":true,"href":"https:\/\/libreriahistoriasdebolsillo.com\/index.php\/wp-json\/wp\/v2\/product_brand?post=3398"},{"taxonomy":"product_cat","embeddable":true,"href":"https:\/\/libreriahistoriasdebolsillo.com\/index.php\/wp-json\/wp\/v2\/product_cat?post=3398"},{"taxonomy":"product_tag","embeddable":true,"href":"https:\/\/libreriahistoriasdebolsillo.com\/index.php\/wp-json\/wp\/v2\/product_tag?post=3398"}],"curies":[{"name":"wp","href":"https:\/\/api.w.org\/{rel}","templated":true}]}}