{"id":3400,"date":"2024-01-25T18:49:26","date_gmt":"2024-01-26T00:49:26","guid":{"rendered":"https:\/\/libreriahistoriasdebolsillo.com\/?post_type=product&#038;p=3400"},"modified":"2024-08-24T17:55:06","modified_gmt":"2024-08-24T23:55:06","slug":"los-cuatro-acuerdos","status":"publish","type":"product","link":"https:\/\/libreriahistoriasdebolsillo.com\/index.php\/producto\/los-cuatro-acuerdos\/","title":{"rendered":"Los cuatro acuerdos"},"content":{"rendered":"<p>El conocimiento tolteca surge de la misma unidad esencial de la verdad de la que parten todas las tradiciones esot\u00e9ricas sagradas del mundo. Aunque no es una religi\u00f3n, respeta a todos los maestros espirituales que han ense\u00f1ado en la tierra, y si bien abraza el esp\u00edritu, resulta m\u00e1s preciso describirlo como una manera de vivir que se distingue por su f\u00e1cil acceso a la felicidad y el amor. El doctor Miguel Ru\u00edz nos propone en este libro un sencillo procedimiento para eliminar todas aquellas creencias heredadas que nos limitan y substituirlas por otras que responden a nuestra realidad interior y nos conducen a la libertad.<\/p>\n","protected":false},"excerpt":{"rendered":"<p>Dr. Miguel Ruiz<\/p>\n","protected":false},"featured_media":3401,"template":"","meta":{"_joinchat":[]},"product_brand":[],"product_cat":[58,41],"product_tag":[46],"class_list":{"0":"post-3400","1":"product","2":"type-product","3":"status-publish","4":"has-post-thumbnail","6":"product_cat-desarrollo-humano-y-superacion","7":"product_cat-desarrollo-humano","8":"product_tag-ediciones-urano","10":"first","11":"outofstock","12":"shipping-taxable","13":"purchasable","14":"product-type-simple"},"_links":{"self":[{"href":"https:\/\/libreriahistoriasdebolsillo.com\/index.php\/wp-json\/wp\/v2\/product\/3400","targetHints":{"allow":["GET"]}}],"collection":[{"href":"https:\/\/libreriahistoriasdebolsillo.com\/index.php\/wp-json\/wp\/v2\/product"}],"about":[{"href":"https:\/\/libreriahistoriasdebolsillo.com\/index.php\/wp-json\/wp\/v2\/types\/product"}],"wp:featuredmedia":[{"embeddable":true,"href":"https:\/\/libreriahistoriasdebolsillo.com\/index.php\/wp-json\/wp\/v2\/media\/3401"}],"wp:attachment":[{"href":"https:\/\/libreriahistoriasdebolsillo.com\/index.php\/wp-json\/wp\/v2\/media?parent=3400"}],"wp:term":[{"taxonomy":"product_brand","embeddable":true,"href":"https:\/\/libreriahistoriasdebolsillo.com\/index.php\/wp-json\/wp\/v2\/product_brand?post=3400"},{"taxonomy":"product_cat","embeddable":true,"href":"https:\/\/libreriahistoriasdebolsillo.com\/index.php\/wp-json\/wp\/v2\/product_cat?post=3400"},{"taxonomy":"product_tag","embeddable":true,"href":"https:\/\/libreriahistoriasdebolsillo.com\/index.php\/wp-json\/wp\/v2\/product_tag?post=3400"}],"curies":[{"name":"wp","href":"https:\/\/api.w.org\/{rel}","templated":true}]}}