{"id":3402,"date":"2024-01-25T18:51:37","date_gmt":"2024-01-26T00:51:37","guid":{"rendered":"https:\/\/libreriahistoriasdebolsillo.com\/?post_type=product&#038;p=3402"},"modified":"2025-03-27T16:40:10","modified_gmt":"2025-03-27T22:40:10","slug":"el-baile-con-el-principe-de-los-fae","status":"publish","type":"product","link":"https:\/\/libreriahistoriasdebolsillo.com\/index.php\/producto\/el-baile-con-el-principe-de-los-fae\/","title":{"rendered":"El baile con el pr\u00edncipe de los fae"},"content":{"rendered":"<p>Sab\u00eda que vender\u00edan su mano en matrimonio. Pero no pod\u00eda imaginar que el pr\u00edncipe de los fae ser\u00eda el comprador. Katria jur\u00f3 que nunca se enamorar\u00eda. Ya sabe lo que significa el \u00abamor\u00bb gracias a la crueldad de su familia. Por ello, cuando la entregan en matrimonio al misterioso Lord Fenwood por un buen precio, lo \u00fanico que desea es tener una vida mejor que la que deja atr\u00e1s. Los sentimientos quedan descartados. Pero su nuevo marido hace que no enamorarse de \u00e9l sea muy dif\u00edcil\u0085 A medida que la atracci\u00f3n entre ellos crece, tambi\u00e9n aumentan las rarezas de su nueva vida: reglas extra\u00f1as, gritos en mitad de la noche y ataques de fae que Katria nunca pens\u00f3 que fueran reales. Y cuando es testigo de un ritual que los humanos tienen prohibido presenciar, la arrastran a la tierra de Midscape. Sobrevivir en las tierras salvajes de los fae siendo humana es muy duro, sobre todo porque Katria se ha apropiado involuntariamente de la magia de los reyes ancestrales; una magia por la que un sanguinario rey est\u00e1 dispuesto a matarla con tal de mantener su trono usurpado. Trono que, en realidad, pertenece leg\u00edtimamente al marido de Katria. El poder para salvar a los fae est\u00e1 en sus manos. Pero \u00bfqui\u00e9n la salvar\u00e1 a ella de un amor que prometi\u00f3 no sentir nunca?<\/p>\n","protected":false},"excerpt":{"rendered":"<p>Elise Kova<\/p>\n","protected":false},"featured_media":3403,"template":"","meta":{"_joinchat":[]},"product_brand":[],"product_cat":[76],"product_tag":[46],"class_list":{"0":"post-3402","1":"product","2":"type-product","3":"status-publish","4":"has-post-thumbnail","6":"product_cat-romantasy","7":"product_tag-ediciones-urano","9":"first","10":"outofstock","11":"shipping-taxable","12":"purchasable","13":"product-type-simple"},"_links":{"self":[{"href":"https:\/\/libreriahistoriasdebolsillo.com\/index.php\/wp-json\/wp\/v2\/product\/3402","targetHints":{"allow":["GET"]}}],"collection":[{"href":"https:\/\/libreriahistoriasdebolsillo.com\/index.php\/wp-json\/wp\/v2\/product"}],"about":[{"href":"https:\/\/libreriahistoriasdebolsillo.com\/index.php\/wp-json\/wp\/v2\/types\/product"}],"wp:featuredmedia":[{"embeddable":true,"href":"https:\/\/libreriahistoriasdebolsillo.com\/index.php\/wp-json\/wp\/v2\/media\/3403"}],"wp:attachment":[{"href":"https:\/\/libreriahistoriasdebolsillo.com\/index.php\/wp-json\/wp\/v2\/media?parent=3402"}],"wp:term":[{"taxonomy":"product_brand","embeddable":true,"href":"https:\/\/libreriahistoriasdebolsillo.com\/index.php\/wp-json\/wp\/v2\/product_brand?post=3402"},{"taxonomy":"product_cat","embeddable":true,"href":"https:\/\/libreriahistoriasdebolsillo.com\/index.php\/wp-json\/wp\/v2\/product_cat?post=3402"},{"taxonomy":"product_tag","embeddable":true,"href":"https:\/\/libreriahistoriasdebolsillo.com\/index.php\/wp-json\/wp\/v2\/product_tag?post=3402"}],"curies":[{"name":"wp","href":"https:\/\/api.w.org\/{rel}","templated":true}]}}