{"id":3404,"date":"2024-01-25T18:53:15","date_gmt":"2024-01-26T00:53:15","guid":{"rendered":"https:\/\/libreriahistoriasdebolsillo.com\/?post_type=product&#038;p=3404"},"modified":"2024-08-10T11:21:07","modified_gmt":"2024-08-10T17:21:07","slug":"belladonna","status":"publish","type":"product","link":"https:\/\/libreriahistoriasdebolsillo.com\/index.php\/producto\/belladonna\/","title":{"rendered":"Belladonna"},"content":{"rendered":"<p>DESDE QUE SIGNA FARROW TIENE USO DE RAZ\u00d3N, LA GENTE QUE HAY EN SU VIDA HA CA\u00cdDO COMO LAS ESTRELLAS\u0085 Hu\u00e9rfana desde que era un beb\u00e9, Signa ha crecido con una serie de tutores, cada cual de ellos m\u00e1s interesado en su fortuna que en su bienestar. Y todos han tenido un final prematuro. Los \u00fanicos familiares que le quedan son los esquivos Hawthorne, una familia exc\u00e9ntrica que vive en Thorn Grove, una finca tan reluciente como sombr\u00eda. Su patriarca lamenta la p\u00e9rdida de su mujer celebrando fiestas salvajes, mientras que su hijo lucha por controlar la reputaci\u00f3n de la familia, que est\u00e1 en decadencia, y su hija sufre una enfermedad misteriosa. Pero cuando el esp\u00edritu inquieto de su madre aparece reivindicando que la envenenaron, Signa se da cuenta de que la familia de la que depende podr\u00eda correr un grave peligro, y consigue la ayuda de un hosco mozo de cuadra para atrapar al culpable. La mejor opci\u00f3n para descubrir al asesino es que Signa se al\u00ede con Muerte, una sombra fascinante y peligrosa que nunca se ha alejado de su lado. A pesar de haber convertido su vida en un infierno, Muerte le muestra a Signa que su creciente conexi\u00f3n quiz\u00e1s sea m\u00e1s poderosa (y m\u00e1s irresistible) de lo que hab\u00eda imaginado. Belladonna retrata v\u00edvidamente un mundo profundamente rom\u00e1ntico y con tintes g\u00f3ticos de riqueza, deseo y traici\u00f3n.<\/p>\n","protected":false},"excerpt":{"rendered":"<p>Adalyn Grace<\/p>\n","protected":false},"featured_media":3405,"template":"","meta":{"_joinchat":[]},"product_brand":[],"product_cat":[39],"product_tag":[46],"class_list":{"0":"post-3404","1":"product","2":"type-product","3":"status-publish","4":"has-post-thumbnail","6":"product_cat-fantasia","7":"product_tag-ediciones-urano","9":"first","10":"outofstock","11":"shipping-taxable","12":"purchasable","13":"product-type-simple"},"_links":{"self":[{"href":"https:\/\/libreriahistoriasdebolsillo.com\/index.php\/wp-json\/wp\/v2\/product\/3404","targetHints":{"allow":["GET"]}}],"collection":[{"href":"https:\/\/libreriahistoriasdebolsillo.com\/index.php\/wp-json\/wp\/v2\/product"}],"about":[{"href":"https:\/\/libreriahistoriasdebolsillo.com\/index.php\/wp-json\/wp\/v2\/types\/product"}],"wp:featuredmedia":[{"embeddable":true,"href":"https:\/\/libreriahistoriasdebolsillo.com\/index.php\/wp-json\/wp\/v2\/media\/3405"}],"wp:attachment":[{"href":"https:\/\/libreriahistoriasdebolsillo.com\/index.php\/wp-json\/wp\/v2\/media?parent=3404"}],"wp:term":[{"taxonomy":"product_brand","embeddable":true,"href":"https:\/\/libreriahistoriasdebolsillo.com\/index.php\/wp-json\/wp\/v2\/product_brand?post=3404"},{"taxonomy":"product_cat","embeddable":true,"href":"https:\/\/libreriahistoriasdebolsillo.com\/index.php\/wp-json\/wp\/v2\/product_cat?post=3404"},{"taxonomy":"product_tag","embeddable":true,"href":"https:\/\/libreriahistoriasdebolsillo.com\/index.php\/wp-json\/wp\/v2\/product_tag?post=3404"}],"curies":[{"name":"wp","href":"https:\/\/api.w.org\/{rel}","templated":true}]}}