{"id":3408,"date":"2024-01-25T18:56:35","date_gmt":"2024-01-26T00:56:35","guid":{"rendered":"https:\/\/libreriahistoriasdebolsillo.com\/?post_type=product&#038;p=3408"},"modified":"2024-08-08T16:50:04","modified_gmt":"2024-08-08T22:50:04","slug":"el-dia-que-dejo-de-nevar-en-alaska","status":"publish","type":"product","link":"https:\/\/libreriahistoriasdebolsillo.com\/index.php\/producto\/el-dia-que-dejo-de-nevar-en-alaska\/","title":{"rendered":"El d\u00eda que dejo de nevar en Alaska"},"content":{"rendered":"<div class=\"hidden-xs hidden-sm\">\n<div class=\"so-share\">\n<div class=\"share-links jssocials\">\n<div class=\"jssocials-shares\">\n<div class=\"jssocials-share jssocials-share-email\">De la autora New Adult m\u00e1s le\u00edda en nuestro pa\u00eds. Alice Kellen nos sorprende de nuevo con una gran historia de segundas oportunidades y destinos que se cruzan. Un romance que fundir\u00e1 hasta el coraz\u00f3n m\u00e1s helado. Un chico con el coraz\u00f3n de hielo. Una chica que huye de s\u00ed misma. Dos destinos que se cruzan. Heather cree que solo hay tres cosas que sabe hacer: atraer problemas, salir huyendo y correr. As\u00ed es como termina en Alaska, en un peque\u00f1o pueblo perdido, trabajando de camarera mientras intenta llevar una vida nueva y tranquila. Su \u00fanico problema es que uno de los due\u00f1os del restaurante parece odiarla y que ella nunca antes ha conocido a nadie que despierte tanto su curiosidad. Nilak es reservado, fr\u00edo y distante, pero Heather puede ver a trav\u00e9s de todas las capas tras las que se esconde y sabe que en ocasiones hay recuerdos que pesan demasiado; como los de sus propios errores, esos que intenta dejar atr\u00e1s. Pero, a veces, la vida te da una segunda oportunidad. La nieve empieza a derretirse. Y todo encaja.<\/div>\n<\/div>\n<\/div>\n<\/div>\n<\/div>\n","protected":false},"excerpt":{"rendered":"<p>Alice Kellen<\/p>\n","protected":false},"featured_media":3409,"template":"","meta":{"_joinchat":[]},"product_brand":[],"product_cat":[52,35],"product_tag":[46],"class_list":{"0":"post-3408","1":"product","2":"type-product","3":"status-publish","4":"has-post-thumbnail","6":"product_cat-juvenil","7":"product_cat-romantica","8":"product_tag-ediciones-urano","10":"first","11":"outofstock","12":"shipping-taxable","13":"purchasable","14":"product-type-simple"},"_links":{"self":[{"href":"https:\/\/libreriahistoriasdebolsillo.com\/index.php\/wp-json\/wp\/v2\/product\/3408","targetHints":{"allow":["GET"]}}],"collection":[{"href":"https:\/\/libreriahistoriasdebolsillo.com\/index.php\/wp-json\/wp\/v2\/product"}],"about":[{"href":"https:\/\/libreriahistoriasdebolsillo.com\/index.php\/wp-json\/wp\/v2\/types\/product"}],"wp:featuredmedia":[{"embeddable":true,"href":"https:\/\/libreriahistoriasdebolsillo.com\/index.php\/wp-json\/wp\/v2\/media\/3409"}],"wp:attachment":[{"href":"https:\/\/libreriahistoriasdebolsillo.com\/index.php\/wp-json\/wp\/v2\/media?parent=3408"}],"wp:term":[{"taxonomy":"product_brand","embeddable":true,"href":"https:\/\/libreriahistoriasdebolsillo.com\/index.php\/wp-json\/wp\/v2\/product_brand?post=3408"},{"taxonomy":"product_cat","embeddable":true,"href":"https:\/\/libreriahistoriasdebolsillo.com\/index.php\/wp-json\/wp\/v2\/product_cat?post=3408"},{"taxonomy":"product_tag","embeddable":true,"href":"https:\/\/libreriahistoriasdebolsillo.com\/index.php\/wp-json\/wp\/v2\/product_tag?post=3408"}],"curies":[{"name":"wp","href":"https:\/\/api.w.org\/{rel}","templated":true}]}}