{"id":3412,"date":"2024-01-25T18:59:26","date_gmt":"2024-01-26T00:59:26","guid":{"rendered":"https:\/\/libreriahistoriasdebolsillo.com\/?post_type=product&#038;p=3412"},"modified":"2024-07-05T12:57:12","modified_gmt":"2024-07-05T18:57:12","slug":"los-dos-amores-de-mi-vida","status":"publish","type":"product","link":"https:\/\/libreriahistoriasdebolsillo.com\/index.php\/producto\/los-dos-amores-de-mi-vida\/","title":{"rendered":"Los dos amores de mi vida"},"content":{"rendered":"<p>Una historia de amor fascinante sobre una mujer que, inesperadamente, se ve obligada a elegir entre su marido, a quien daba por fallecido, y el prometido que a\u00f1os despu\u00e9s le ha devuelto la ilusi\u00f3n por vivir. Con poco m\u00e1s de veinte a\u00f1os, Emma Blair se casa con su amor de juventud, Jesse. Juntos construyen una vida a su medida, alejada de las expectativas de sus familias y entorno m\u00e1s cercano. Recorren el mundo, Emma como escritora freelance y Jesse como ayudante de producci\u00f3n de documentales sobre naturaleza, exprimiendo la vida al m\u00e1ximo y aprovechando cada oportunidad que se les presenta de vivir aventuras. En su primer aniversario de bodas, Jesse recibe el encargo de ir a trabajar a las Islas Aleutianas. Y mientras sobrevuela el Pac\u00edfico, su helic\u00f3ptero desaparece. As\u00ed, sin m\u00e1s, Jesse se va para siempre. Emma deja su trabajo y regresa a su hogar en un esfuerzo por recomponer su vida. A\u00f1os despu\u00e9s, cuando ya ha cumplido los treinta, se reencuentra con Sam, un viejo amigo, y vuelve a enamorarse. Cuando Emma y Sam se comprometen, parece que la vida le est\u00e1 brindando una nueva oportunidad en el amor. Pero entonces encuentran a Jesse. Est\u00e1 vivo, y lleva a\u00f1os intentando volver a casa. Emma tiene ahora un marido y un prometido, pero \u00bfqui\u00e9n de ellos es su verdadero amor? \u00bfQu\u00e9 significa en realidad amar de verdad? Emma sabe que debe escuchar a su coraz\u00f3n. Es solo que no est\u00e1 segura de qu\u00e9 le est\u00e1 diciendo.<\/p>\n","protected":false},"excerpt":{"rendered":"<p>Taylor Jenkins Reid<\/p>\n","protected":false},"featured_media":3413,"template":"","meta":{"_joinchat":[]},"product_brand":[],"product_cat":[35],"product_tag":[46],"class_list":{"0":"post-3412","1":"product","2":"type-product","3":"status-publish","4":"has-post-thumbnail","6":"product_cat-romantica","7":"product_tag-ediciones-urano","9":"first","10":"outofstock","11":"shipping-taxable","12":"purchasable","13":"product-type-simple"},"_links":{"self":[{"href":"https:\/\/libreriahistoriasdebolsillo.com\/index.php\/wp-json\/wp\/v2\/product\/3412","targetHints":{"allow":["GET"]}}],"collection":[{"href":"https:\/\/libreriahistoriasdebolsillo.com\/index.php\/wp-json\/wp\/v2\/product"}],"about":[{"href":"https:\/\/libreriahistoriasdebolsillo.com\/index.php\/wp-json\/wp\/v2\/types\/product"}],"wp:featuredmedia":[{"embeddable":true,"href":"https:\/\/libreriahistoriasdebolsillo.com\/index.php\/wp-json\/wp\/v2\/media\/3413"}],"wp:attachment":[{"href":"https:\/\/libreriahistoriasdebolsillo.com\/index.php\/wp-json\/wp\/v2\/media?parent=3412"}],"wp:term":[{"taxonomy":"product_brand","embeddable":true,"href":"https:\/\/libreriahistoriasdebolsillo.com\/index.php\/wp-json\/wp\/v2\/product_brand?post=3412"},{"taxonomy":"product_cat","embeddable":true,"href":"https:\/\/libreriahistoriasdebolsillo.com\/index.php\/wp-json\/wp\/v2\/product_cat?post=3412"},{"taxonomy":"product_tag","embeddable":true,"href":"https:\/\/libreriahistoriasdebolsillo.com\/index.php\/wp-json\/wp\/v2\/product_tag?post=3412"}],"curies":[{"name":"wp","href":"https:\/\/api.w.org\/{rel}","templated":true}]}}