{"id":3414,"date":"2024-01-25T19:01:17","date_gmt":"2024-01-26T01:01:17","guid":{"rendered":"https:\/\/libreriahistoriasdebolsillo.com\/?post_type=product&#038;p=3414"},"modified":"2024-01-25T19:01:17","modified_gmt":"2024-01-26T01:01:17","slug":"el-excitante-sr-lavelle","status":"publish","type":"product","link":"https:\/\/libreriahistoriasdebolsillo.com\/index.php\/producto\/el-excitante-sr-lavelle\/","title":{"rendered":"El excitante Sr. Lavelle"},"content":{"rendered":"<p>Cuando Benjamin y Edgar Bowen se embarcan en un Grand Tour por Europa, est\u00e1n listos para conocer a Personas de Calidad. Tienen arcones llenos de pelucas doradas y trajes a juego, hambre por experimentar las maravillas arquitect\u00f3nicas de la Antigua Roma y la habilidad de citar a Voltaire (con detalle). Entablar\u00e1n contactos y se establecer\u00e1n en la alta sociedad, justo como su madre hab\u00eda planeado. Pero pronto se hace evidente que sus ropas no son del color gris adecuado, sus sonrisas son demasiado preparadas, su apreciaci\u00f3n de las artes, rid\u00edcula. La clase, aprenden, no es algo que pueda estudiarse. La verdadera educaci\u00f3n de Benjamin empieza cuando conoce a Horace Lavelle. Atractivo, carism\u00e1tico y seductor, Lavelle disfruta de sesgar las pretensiones y los prejuicios de su entorno. Y consume cada pensamiento de Benjamin. Es solo cuesti\u00f3n de tiempo que se desate el caos&#8230;<\/p>\n","protected":false},"excerpt":{"rendered":"<p>Neil Blackmore<\/p>\n","protected":false},"featured_media":3415,"template":"","meta":{"_joinchat":[]},"product_brand":[],"product_cat":[33,52,38],"product_tag":[46],"class_list":{"0":"post-3414","1":"product","2":"type-product","3":"status-publish","4":"has-post-thumbnail","6":"product_cat-ficcion-general","7":"product_cat-juvenil","8":"product_cat-lgbtq","9":"product_tag-ediciones-urano","11":"first","12":"instock","13":"shipping-taxable","14":"purchasable","15":"product-type-simple"},"_links":{"self":[{"href":"https:\/\/libreriahistoriasdebolsillo.com\/index.php\/wp-json\/wp\/v2\/product\/3414","targetHints":{"allow":["GET"]}}],"collection":[{"href":"https:\/\/libreriahistoriasdebolsillo.com\/index.php\/wp-json\/wp\/v2\/product"}],"about":[{"href":"https:\/\/libreriahistoriasdebolsillo.com\/index.php\/wp-json\/wp\/v2\/types\/product"}],"wp:featuredmedia":[{"embeddable":true,"href":"https:\/\/libreriahistoriasdebolsillo.com\/index.php\/wp-json\/wp\/v2\/media\/3415"}],"wp:attachment":[{"href":"https:\/\/libreriahistoriasdebolsillo.com\/index.php\/wp-json\/wp\/v2\/media?parent=3414"}],"wp:term":[{"taxonomy":"product_brand","embeddable":true,"href":"https:\/\/libreriahistoriasdebolsillo.com\/index.php\/wp-json\/wp\/v2\/product_brand?post=3414"},{"taxonomy":"product_cat","embeddable":true,"href":"https:\/\/libreriahistoriasdebolsillo.com\/index.php\/wp-json\/wp\/v2\/product_cat?post=3414"},{"taxonomy":"product_tag","embeddable":true,"href":"https:\/\/libreriahistoriasdebolsillo.com\/index.php\/wp-json\/wp\/v2\/product_tag?post=3414"}],"curies":[{"name":"wp","href":"https:\/\/api.w.org\/{rel}","templated":true}]}}