{"id":3416,"date":"2024-01-25T19:02:47","date_gmt":"2024-01-26T01:02:47","guid":{"rendered":"https:\/\/libreriahistoriasdebolsillo.com\/?post_type=product&#038;p=3416"},"modified":"2025-03-27T16:40:23","modified_gmt":"2025-03-27T22:40:23","slug":"foxglove","status":"publish","type":"product","link":"https:\/\/libreriahistoriasdebolsillo.com\/index.php\/producto\/foxglove\/","title":{"rendered":"Foxglove"},"content":{"rendered":"<p>En la cautivadora secuela de Belladonna, una gran historia con tintes g\u00f3ticos, Signa y Muerte deber\u00e1n enfrentarse a un enemigo sobrenatural que tiene la intenci\u00f3n de separarlos. Un duque ha sido asesinado. El lord de Thorn Grove ha sido incriminado por ello. Y Destino, el hermano escurridizo de Muerte, se ha instalado en una suntuosa finca cercana. Al parecer, est\u00e1 empe\u00f1ado en buscar venganza desde que, tiempo atr\u00e1s, Muerte le quitara la vida a la mujer a quien amaba. Y ahora est\u00e1 decidido a quedarse con Signa, cueste lo que cueste. Signa y su prima Blythe est\u00e1n convencidas de que Destino puede salvar a Elijah Hawthorne de la prisi\u00f3n si le abren las puertas de sus vidas. Pero cuanto m\u00e1s tiempo pasan con \u00e9l, m\u00e1s aterradora se vuelve la realidad, ya que Signa muestra unos nuevos y dram\u00e1ticos poderes que la vinculan con el pasado de Destino. Con misterios y peligros acechando en cada esquina, las primas deber\u00e1n decidir si pueden confiar la una en la otra mientras se abren camino en la alta sociedad, resuelven los asesinatos que persiguen a su familia y participan en los juegos inesperados de Destino. con sus propios futuros pendiendo de un hilo. Peligrosa, seductora y llena de suspense, la historia de Signa y Muerte contin\u00faa en esta secuela absolutamente rom\u00e1ntica y perfectamente mortal.<\/p>\n","protected":false},"excerpt":{"rendered":"<p>Adalyn Grace<\/p>\n","protected":false},"featured_media":3417,"template":"","meta":{"_joinchat":[]},"product_brand":[],"product_cat":[39,76],"product_tag":[46],"class_list":{"0":"post-3416","1":"product","2":"type-product","3":"status-publish","4":"has-post-thumbnail","6":"product_cat-fantasia","7":"product_cat-romantasy","8":"product_tag-ediciones-urano","10":"first","11":"outofstock","12":"shipping-taxable","13":"purchasable","14":"product-type-simple"},"_links":{"self":[{"href":"https:\/\/libreriahistoriasdebolsillo.com\/index.php\/wp-json\/wp\/v2\/product\/3416","targetHints":{"allow":["GET"]}}],"collection":[{"href":"https:\/\/libreriahistoriasdebolsillo.com\/index.php\/wp-json\/wp\/v2\/product"}],"about":[{"href":"https:\/\/libreriahistoriasdebolsillo.com\/index.php\/wp-json\/wp\/v2\/types\/product"}],"wp:featuredmedia":[{"embeddable":true,"href":"https:\/\/libreriahistoriasdebolsillo.com\/index.php\/wp-json\/wp\/v2\/media\/3417"}],"wp:attachment":[{"href":"https:\/\/libreriahistoriasdebolsillo.com\/index.php\/wp-json\/wp\/v2\/media?parent=3416"}],"wp:term":[{"taxonomy":"product_brand","embeddable":true,"href":"https:\/\/libreriahistoriasdebolsillo.com\/index.php\/wp-json\/wp\/v2\/product_brand?post=3416"},{"taxonomy":"product_cat","embeddable":true,"href":"https:\/\/libreriahistoriasdebolsillo.com\/index.php\/wp-json\/wp\/v2\/product_cat?post=3416"},{"taxonomy":"product_tag","embeddable":true,"href":"https:\/\/libreriahistoriasdebolsillo.com\/index.php\/wp-json\/wp\/v2\/product_tag?post=3416"}],"curies":[{"name":"wp","href":"https:\/\/api.w.org\/{rel}","templated":true}]}}