{"id":3418,"date":"2024-01-25T19:04:31","date_gmt":"2024-01-26T01:04:31","guid":{"rendered":"https:\/\/libreriahistoriasdebolsillo.com\/?post_type=product&#038;p=3418"},"modified":"2024-01-25T19:04:31","modified_gmt":"2024-01-26T01:04:31","slug":"fraternity-el-circulo-vicioso","status":"publish","type":"product","link":"https:\/\/libreriahistoriasdebolsillo.com\/index.php\/producto\/fraternity-el-circulo-vicioso\/","title":{"rendered":"Fraternity. El circulo vicioso"},"content":{"rendered":"<p>Un internado misterioso . Una hermandad oculta en las sombras. Un mal ancestral que podr\u00eda acabar con todo . Durante el oto\u00f1o de 1991, Zooey Orson llega a Blackfriars, un internado masculino en el que espera poder empezar de cero tras el esc\u00e1ndalo en el que se vio involucrado en su anterior instituto. All\u00ed Zooey no tarda en descubrir que no es el \u00fanico alumno de Blackfriars que guarda un secreto, y acaba en el C\u00edrculo Vicioso, un club gay clandestino que existe en el internado desde hace d\u00e9cadas. All\u00ed conoce a Daniel, un deportista muy atractivo que vive entre dos mundos; al extravagante Leo, que es incapaz de ocultar qui\u00e9n es; y a Steven, un chico serio, brillante y herm\u00e9tico. Con ellos, Zooey empieza a sentir que forma parte de un grupo, pero tambi\u00e9n tiene que lidiar con los abusones que lo tienen en el punto de mira y con la amenaza constante de que su secreto salga a la luz. Pero entonces los chicos se topan con un libro antiguo sobre ocultismo que pertenece al director y, para protegerse de un mundo que parece que jam\u00e1s los aceptar\u00e1, liberan un secreto sobrenatural tan espantoso que amenaza con arrasarlo todo. Ambientada durante la crisis del sida, esta novela analiza una \u00e9poca no tan lejana en la que las hermandades secretas permanec\u00edan en las sombras, y a un grupo de chicos que tendr\u00e1n que descubrir hasta d\u00f3nde est\u00e1n dispuestos a llegar para proteger a su familia elegida.<\/p>\n","protected":false},"excerpt":{"rendered":"<p>Andy Mientus<\/p>\n","protected":false},"featured_media":3419,"template":"","meta":{"_joinchat":[]},"product_brand":[],"product_cat":[39,52,38],"product_tag":[46],"class_list":{"0":"post-3418","1":"product","2":"type-product","3":"status-publish","4":"has-post-thumbnail","6":"product_cat-fantasia","7":"product_cat-juvenil","8":"product_cat-lgbtq","9":"product_tag-ediciones-urano","11":"first","12":"instock","13":"shipping-taxable","14":"purchasable","15":"product-type-simple"},"_links":{"self":[{"href":"https:\/\/libreriahistoriasdebolsillo.com\/index.php\/wp-json\/wp\/v2\/product\/3418","targetHints":{"allow":["GET"]}}],"collection":[{"href":"https:\/\/libreriahistoriasdebolsillo.com\/index.php\/wp-json\/wp\/v2\/product"}],"about":[{"href":"https:\/\/libreriahistoriasdebolsillo.com\/index.php\/wp-json\/wp\/v2\/types\/product"}],"wp:featuredmedia":[{"embeddable":true,"href":"https:\/\/libreriahistoriasdebolsillo.com\/index.php\/wp-json\/wp\/v2\/media\/3419"}],"wp:attachment":[{"href":"https:\/\/libreriahistoriasdebolsillo.com\/index.php\/wp-json\/wp\/v2\/media?parent=3418"}],"wp:term":[{"taxonomy":"product_brand","embeddable":true,"href":"https:\/\/libreriahistoriasdebolsillo.com\/index.php\/wp-json\/wp\/v2\/product_brand?post=3418"},{"taxonomy":"product_cat","embeddable":true,"href":"https:\/\/libreriahistoriasdebolsillo.com\/index.php\/wp-json\/wp\/v2\/product_cat?post=3418"},{"taxonomy":"product_tag","embeddable":true,"href":"https:\/\/libreriahistoriasdebolsillo.com\/index.php\/wp-json\/wp\/v2\/product_tag?post=3418"}],"curies":[{"name":"wp","href":"https:\/\/api.w.org\/{rel}","templated":true}]}}