{"id":3424,"date":"2024-01-25T19:11:52","date_gmt":"2024-01-26T01:11:52","guid":{"rendered":"https:\/\/libreriahistoriasdebolsillo.com\/?post_type=product&#038;p=3424"},"modified":"2024-10-09T19:26:10","modified_gmt":"2024-10-10T01:26:10","slug":"el-legado-robado","status":"publish","type":"product","link":"https:\/\/libreriahistoriasdebolsillo.com\/index.php\/producto\/el-legado-robado\/","title":{"rendered":"El legado robado"},"content":{"rendered":"<p>Una reina a la fuga. Un pr\u00edncipe reacio. Una misi\u00f3n que podr\u00eda destruirlos a ambos. Han pasado ocho a\u00f1os desde la Batalla de la Serpiente, pero en el norte helado, lady Nore de la Corte de los Dientes ha recuperado la Ciudadela de la Aguja de Hielo. All\u00ed emplea una antigua reliquia para crear monstruos hechos de palos y nieve que seguir\u00e1n sus \u00f3rdenes y ejecutar\u00e1n su venganza. Suren, la reina ni\u00f1a de la Corte de los Dientes, y la \u00fanica persona con poder sobre su madre, huy\u00f3 al mundo humano, donde ahora vive como un animal en los bosques. Sola y a\u00fan afligida por los despiadados tormentos que soport\u00f3 en la Corte, dedica su tiempo a liberar a mortales de tratos imprudentes. Cree que todos la han olvidado, hasta que Bogdana, la bruja de la tormenta, la persigue una noche por las calles. La persona que la salva es nada menos que el pr\u00edncipe Oak, heredero de Elfhame, a quien una vez estuvo prometida en matrimonio y a quien ha guardado rencor durante a\u00f1os. A los diecisiete a\u00f1os, Oak es encantador, hermoso y manipulador. Ha emprendido una misi\u00f3n que lo conducir\u00e1 al norte y quiere la ayuda de Suren. Sin embargo, si ella acepta, significar\u00e1 volver a exponer su coraz\u00f3n al chico al que una vez conoci\u00f3, que se ha convertido en un pr\u00edncipe en el que no conf\u00eda, a la vez que enfrentarse a todos los horrores que cre\u00eda haber dejado atr\u00e1s. Regresa al exuberante mundo de Elfhame, repleto de intrigas, traiciones y deseos peligrosos, con este primer libro de una nueva y cautivadora bilog\u00eda de Holly Black, autora best seller #1 del New York Times.<\/p>\n","protected":false},"excerpt":{"rendered":"<p>Holly Black<\/p>\n","protected":false},"featured_media":3425,"template":"","meta":{"_joinchat":[]},"product_brand":[],"product_cat":[39],"product_tag":[46],"class_list":{"0":"post-3424","1":"product","2":"type-product","3":"status-publish","4":"has-post-thumbnail","6":"product_cat-fantasia","7":"product_tag-ediciones-urano","9":"first","10":"outofstock","11":"shipping-taxable","12":"purchasable","13":"product-type-simple"},"_links":{"self":[{"href":"https:\/\/libreriahistoriasdebolsillo.com\/index.php\/wp-json\/wp\/v2\/product\/3424","targetHints":{"allow":["GET"]}}],"collection":[{"href":"https:\/\/libreriahistoriasdebolsillo.com\/index.php\/wp-json\/wp\/v2\/product"}],"about":[{"href":"https:\/\/libreriahistoriasdebolsillo.com\/index.php\/wp-json\/wp\/v2\/types\/product"}],"wp:featuredmedia":[{"embeddable":true,"href":"https:\/\/libreriahistoriasdebolsillo.com\/index.php\/wp-json\/wp\/v2\/media\/3425"}],"wp:attachment":[{"href":"https:\/\/libreriahistoriasdebolsillo.com\/index.php\/wp-json\/wp\/v2\/media?parent=3424"}],"wp:term":[{"taxonomy":"product_brand","embeddable":true,"href":"https:\/\/libreriahistoriasdebolsillo.com\/index.php\/wp-json\/wp\/v2\/product_brand?post=3424"},{"taxonomy":"product_cat","embeddable":true,"href":"https:\/\/libreriahistoriasdebolsillo.com\/index.php\/wp-json\/wp\/v2\/product_cat?post=3424"},{"taxonomy":"product_tag","embeddable":true,"href":"https:\/\/libreriahistoriasdebolsillo.com\/index.php\/wp-json\/wp\/v2\/product_tag?post=3424"}],"curies":[{"name":"wp","href":"https:\/\/api.w.org\/{rel}","templated":true}]}}