{"id":3428,"date":"2024-01-25T19:15:36","date_gmt":"2024-01-26T01:15:36","guid":{"rendered":"https:\/\/libreriahistoriasdebolsillo.com\/?post_type=product&#038;p=3428"},"modified":"2024-11-08T13:53:14","modified_gmt":"2024-11-08T19:53:14","slug":"el-rey-oscuro","status":"publish","type":"product","link":"https:\/\/libreriahistoriasdebolsillo.com\/index.php\/producto\/el-rey-oscuro\/","title":{"rendered":"El rey oscuro"},"content":{"rendered":"<p>La oscuridad SE ALZAR\u00c1. \u00bfQui\u00e9nes MORIR\u00c1N? \u00bfQui\u00e9nes SOBREVIVIR\u00c1N? El rey oscuro es el comienzo de una trilog\u00eda \u00e9pica, en donde los h\u00e9roes y villanos de una guerra olvidada renacen y comienzan a trazar nuevas l\u00edneas de batalla. Es mucho m\u00e1s que una fantas\u00eda de alta intriga: es trepidante, est\u00e1 llena de acci\u00f3n y sorprende a cada p\u00e1gina. A los lectores les encantar\u00e1 explorar el rico entorno del Londres del siglo XIX. No hay duda de que esta emocionante historia de amistad, enga\u00f1o, lealtad y traici\u00f3n encontrar\u00e1 un p\u00fablico apasionado. Will, un joven de diecis\u00e9is a\u00f1os que trabaja en el puerto, est\u00e1 huyendo, perseguido por los hombres que mataron a su madre. Luego, un viejo sirviente le revela que su destino es luchar junto a los Guardianes, quienes han jurado proteger a la humanidad si el Rey Oscuro alguna vez regresa. Will se ve inmerso en un mundo de magia, donde empieza a entrenar para desempe\u00f1ar un papel fundamental en la batalla que se avecina contra la Oscuridad. Mientras Londres se ve amenazada y algunas antiguas enemistades resurgen, Will deber\u00e1 apoyar a los \u00faltimos h\u00e9roes de la Luz para evitar que el destino que destruy\u00f3 su mundo regrese para destruir el suyo.<\/p>\n","protected":false},"excerpt":{"rendered":"<p>C.S. Pacat<\/p>\n","protected":false},"featured_media":3429,"template":"","meta":{"_joinchat":[]},"product_brand":[],"product_cat":[39,38],"product_tag":[46],"class_list":{"0":"post-3428","1":"product","2":"type-product","3":"status-publish","4":"has-post-thumbnail","6":"product_cat-fantasia","7":"product_cat-lgbtq","8":"product_tag-ediciones-urano","10":"first","11":"instock","12":"shipping-taxable","13":"purchasable","14":"product-type-simple"},"_links":{"self":[{"href":"https:\/\/libreriahistoriasdebolsillo.com\/index.php\/wp-json\/wp\/v2\/product\/3428","targetHints":{"allow":["GET"]}}],"collection":[{"href":"https:\/\/libreriahistoriasdebolsillo.com\/index.php\/wp-json\/wp\/v2\/product"}],"about":[{"href":"https:\/\/libreriahistoriasdebolsillo.com\/index.php\/wp-json\/wp\/v2\/types\/product"}],"wp:featuredmedia":[{"embeddable":true,"href":"https:\/\/libreriahistoriasdebolsillo.com\/index.php\/wp-json\/wp\/v2\/media\/3429"}],"wp:attachment":[{"href":"https:\/\/libreriahistoriasdebolsillo.com\/index.php\/wp-json\/wp\/v2\/media?parent=3428"}],"wp:term":[{"taxonomy":"product_brand","embeddable":true,"href":"https:\/\/libreriahistoriasdebolsillo.com\/index.php\/wp-json\/wp\/v2\/product_brand?post=3428"},{"taxonomy":"product_cat","embeddable":true,"href":"https:\/\/libreriahistoriasdebolsillo.com\/index.php\/wp-json\/wp\/v2\/product_cat?post=3428"},{"taxonomy":"product_tag","embeddable":true,"href":"https:\/\/libreriahistoriasdebolsillo.com\/index.php\/wp-json\/wp\/v2\/product_tag?post=3428"}],"curies":[{"name":"wp","href":"https:\/\/api.w.org\/{rel}","templated":true}]}}