{"id":3432,"date":"2024-01-25T19:19:57","date_gmt":"2024-01-26T01:19:57","guid":{"rendered":"https:\/\/libreriahistoriasdebolsillo.com\/?post_type=product&#038;p=3432"},"modified":"2024-01-25T19:19:57","modified_gmt":"2024-01-26T01:19:57","slug":"las-siete-lunas-de-maali-almeida","status":"publish","type":"product","link":"https:\/\/libreriahistoriasdebolsillo.com\/index.php\/producto\/las-siete-lunas-de-maali-almeida\/","title":{"rendered":"Las siete lunas de Maali Almeida"},"content":{"rendered":"<p>Una s\u00e1tira mordaz narrada en el marco de la sangrienta vor\u00e1gine de una Sri Lanka asolada por la guerra civil. Colombo, 1990. Maali Almeida, fot\u00f3grafo de guerra, lud\u00f3pata y hombre gay que no ha salido del armario, se ha despertado muerto en lo que parece ser una oficina de la administraci\u00f3n p\u00fablica celestial. Su cuerpo desmembrado se hunde en el lago Beira y Maali no tiene ni la m\u00e1s remota idea de qui\u00e9n es su asesino. En una \u00e9poca en la que los escuadrones de la muerte, los hombres bomba y los matones a sueldo son quienes se encargan de ajustar cuentas, la lista de sospechosos es tan larga que resulta deprimente y los espectros y fantasmas que le rodean pueden dar fe de ello. Sin embargo, incluso en el m\u00e1s all\u00e1, a Maali se le agota el tiempo. Solo tiene siete lunas para contactar con el hombre y la mujer a los que m\u00e1s quiere en el mundo y conducirlos hasta el alijo secreto de fotograf\u00edas que pondr\u00e1 Sri Lanka patas arriba. Diez a\u00f1os despu\u00e9s de que su galardonada novela Chinaman lo consagrase como uno de los autores m\u00e1s importantes de Sri Lanka, Karunatilaka regresa con una historia \u00e9pica y emocionante, cargada de verdades perturbadoras y un ingenioso humor mordaz.<\/p>\n","protected":false},"excerpt":{"rendered":"<p>Shehan Karunatilaka<\/p>\n","protected":false},"featured_media":3433,"template":"","meta":{"_joinchat":[]},"product_brand":[],"product_cat":[39,56,38],"product_tag":[46],"class_list":{"0":"post-3432","1":"product","2":"type-product","3":"status-publish","4":"has-post-thumbnail","6":"product_cat-fantasia","7":"product_cat-historica","8":"product_cat-lgbtq","9":"product_tag-ediciones-urano","11":"first","12":"instock","13":"shipping-taxable","14":"purchasable","15":"product-type-simple"},"_links":{"self":[{"href":"https:\/\/libreriahistoriasdebolsillo.com\/index.php\/wp-json\/wp\/v2\/product\/3432","targetHints":{"allow":["GET"]}}],"collection":[{"href":"https:\/\/libreriahistoriasdebolsillo.com\/index.php\/wp-json\/wp\/v2\/product"}],"about":[{"href":"https:\/\/libreriahistoriasdebolsillo.com\/index.php\/wp-json\/wp\/v2\/types\/product"}],"wp:featuredmedia":[{"embeddable":true,"href":"https:\/\/libreriahistoriasdebolsillo.com\/index.php\/wp-json\/wp\/v2\/media\/3433"}],"wp:attachment":[{"href":"https:\/\/libreriahistoriasdebolsillo.com\/index.php\/wp-json\/wp\/v2\/media?parent=3432"}],"wp:term":[{"taxonomy":"product_brand","embeddable":true,"href":"https:\/\/libreriahistoriasdebolsillo.com\/index.php\/wp-json\/wp\/v2\/product_brand?post=3432"},{"taxonomy":"product_cat","embeddable":true,"href":"https:\/\/libreriahistoriasdebolsillo.com\/index.php\/wp-json\/wp\/v2\/product_cat?post=3432"},{"taxonomy":"product_tag","embeddable":true,"href":"https:\/\/libreriahistoriasdebolsillo.com\/index.php\/wp-json\/wp\/v2\/product_tag?post=3432"}],"curies":[{"name":"wp","href":"https:\/\/api.w.org\/{rel}","templated":true}]}}