{"id":3436,"date":"2024-01-25T19:23:48","date_gmt":"2024-01-26T01:23:48","guid":{"rendered":"https:\/\/libreriahistoriasdebolsillo.com\/?post_type=product&#038;p=3436"},"modified":"2025-02-17T10:59:02","modified_gmt":"2025-02-17T16:59:02","slug":"un-trato-con-el-rey-de-los-elfos","status":"publish","type":"product","link":"https:\/\/libreriahistoriasdebolsillo.com\/index.php\/producto\/un-trato-con-el-rey-de-los-elfos\/","title":{"rendered":"Un trato con el rey de los elfos"},"content":{"rendered":"<p>\u00abLos elfos vienen por dos motivos: Por la guerra y par encontrar esposa. Y en los dos casos, traen consigo la muerte.\u00bb Hace tres mil a\u00f1os, los humanos eran cazados por poderosas razas poseedoras de una magia salvaje, hasta que se hizo un pacto; ahora, y desde hace siglos, los elfos toman a una joven del pueblo de Luella para convertirla en su Reina Humana. Ser \u00abla elegida\u00bb es interpretado como una sentencia de muerte por la gente del pueblo. Una marca de la que Luella, de diecinueve a\u00f1os, est\u00e1 agradecida de haber escapado en su infancia. En cambio, ha dedicado su vida a estudiar herbolog\u00eda con el objetivo de convertirse en la \u00fanica curandera del pueblo. Hasta que el Rey Elfo llega inesperadamente\u0085 a buscarla. Todo cuanto Luella pensaba que sab\u00eda sobre su vida y sobre s\u00ed misma era, en realidad, una mentira. Llevada a una tierra rebosante de magia salvaje, se ve obligada a ser la nueva reina de un Rey Elfo fr\u00edo pero tremendamente atractivo. Una vez all\u00ed, aprende sobre un mundo agonizante que solo ella puede salvar. La tierra m\u00e1gica de Midscape tira de una parte de su coraz\u00f3n, su hogar y su gente tira de otra&#8230; pero lo que realmente la puede destruir es una pasi\u00f3n que nunca quiso.<\/p>\n","protected":false},"excerpt":{"rendered":"<p>Elise Kova<\/p>\n","protected":false},"featured_media":3437,"template":"","meta":{"_joinchat":[]},"product_brand":[],"product_cat":[39],"product_tag":[],"class_list":{"0":"post-3436","1":"product","2":"type-product","3":"status-publish","4":"has-post-thumbnail","6":"product_cat-fantasia","8":"first","9":"outofstock","10":"shipping-taxable","11":"purchasable","12":"product-type-simple"},"_links":{"self":[{"href":"https:\/\/libreriahistoriasdebolsillo.com\/index.php\/wp-json\/wp\/v2\/product\/3436","targetHints":{"allow":["GET"]}}],"collection":[{"href":"https:\/\/libreriahistoriasdebolsillo.com\/index.php\/wp-json\/wp\/v2\/product"}],"about":[{"href":"https:\/\/libreriahistoriasdebolsillo.com\/index.php\/wp-json\/wp\/v2\/types\/product"}],"wp:featuredmedia":[{"embeddable":true,"href":"https:\/\/libreriahistoriasdebolsillo.com\/index.php\/wp-json\/wp\/v2\/media\/3437"}],"wp:attachment":[{"href":"https:\/\/libreriahistoriasdebolsillo.com\/index.php\/wp-json\/wp\/v2\/media?parent=3436"}],"wp:term":[{"taxonomy":"product_brand","embeddable":true,"href":"https:\/\/libreriahistoriasdebolsillo.com\/index.php\/wp-json\/wp\/v2\/product_brand?post=3436"},{"taxonomy":"product_cat","embeddable":true,"href":"https:\/\/libreriahistoriasdebolsillo.com\/index.php\/wp-json\/wp\/v2\/product_cat?post=3436"},{"taxonomy":"product_tag","embeddable":true,"href":"https:\/\/libreriahistoriasdebolsillo.com\/index.php\/wp-json\/wp\/v2\/product_tag?post=3436"}],"curies":[{"name":"wp","href":"https:\/\/api.w.org\/{rel}","templated":true}]}}