{"id":3442,"date":"2024-01-26T11:28:21","date_gmt":"2024-01-26T17:28:21","guid":{"rendered":"https:\/\/libreriahistoriasdebolsillo.com\/?post_type=product&#038;p=3442"},"modified":"2025-01-29T15:13:09","modified_gmt":"2025-01-29T21:13:09","slug":"basta-de-excusas","status":"publish","type":"product","link":"https:\/\/libreriahistoriasdebolsillo.com\/index.php\/producto\/basta-de-excusas\/","title":{"rendered":"Basta de excusas"},"content":{"rendered":"<p>Si eres de los que Prefieren empezar ma\u00f1ana No les ha ido bien en la vida porque los tienen en la mira Siempre llegan tarde debido al tr\u00e1nsito, al vecino o al despertador Nunca tienen suerte Encuentran muy dif\u00edciles los retos y los abandonan Este libro es para ti porque encontrar\u00e1s herramientas para descubrir los mecanismos que hay detr\u00e1s de las excusas m\u00e1s habituales. Ellas impiden el desarrollo de nuestro potencial y relacionarnos plenamente con los dem\u00e1s, porque son un obst\u00e1culo para vivir de una forma m\u00e1s aut\u00e9ntica, libre y gozosa. En estas p\u00e1ginas hallar\u00e1s una gu\u00eda \u00fatil para tu crecimiento interior, recobrar\u00e1s seguridad en tus decisiones y as\u00ed podr\u00e1s decir: Basta de excusas. En esta segunda edici\u00f3n encontrar\u00e1s ejemplos con los que te sentir\u00e1s identificado y ejercicios que te alentar\u00e1n a reflexionar sobre tus dificultades y avances.<\/p>\n","protected":false},"excerpt":{"rendered":"<p>Graciela Hendlin<\/p>\n","protected":false},"featured_media":3443,"template":"","meta":{"_joinchat":[]},"product_brand":[],"product_cat":[58,41],"product_tag":[48],"class_list":{"0":"post-3442","1":"product","2":"type-product","3":"status-publish","4":"has-post-thumbnail","6":"product_cat-desarrollo-humano-y-superacion","7":"product_cat-desarrollo-humano","8":"product_tag-vr-editoras","10":"first","11":"instock","12":"shipping-taxable","13":"purchasable","14":"product-type-simple"},"_links":{"self":[{"href":"https:\/\/libreriahistoriasdebolsillo.com\/index.php\/wp-json\/wp\/v2\/product\/3442","targetHints":{"allow":["GET"]}}],"collection":[{"href":"https:\/\/libreriahistoriasdebolsillo.com\/index.php\/wp-json\/wp\/v2\/product"}],"about":[{"href":"https:\/\/libreriahistoriasdebolsillo.com\/index.php\/wp-json\/wp\/v2\/types\/product"}],"wp:featuredmedia":[{"embeddable":true,"href":"https:\/\/libreriahistoriasdebolsillo.com\/index.php\/wp-json\/wp\/v2\/media\/3443"}],"wp:attachment":[{"href":"https:\/\/libreriahistoriasdebolsillo.com\/index.php\/wp-json\/wp\/v2\/media?parent=3442"}],"wp:term":[{"taxonomy":"product_brand","embeddable":true,"href":"https:\/\/libreriahistoriasdebolsillo.com\/index.php\/wp-json\/wp\/v2\/product_brand?post=3442"},{"taxonomy":"product_cat","embeddable":true,"href":"https:\/\/libreriahistoriasdebolsillo.com\/index.php\/wp-json\/wp\/v2\/product_cat?post=3442"},{"taxonomy":"product_tag","embeddable":true,"href":"https:\/\/libreriahistoriasdebolsillo.com\/index.php\/wp-json\/wp\/v2\/product_tag?post=3442"}],"curies":[{"name":"wp","href":"https:\/\/api.w.org\/{rel}","templated":true}]}}