{"id":3446,"date":"2024-01-26T11:55:43","date_gmt":"2024-01-26T17:55:43","guid":{"rendered":"https:\/\/libreriahistoriasdebolsillo.com\/?post_type=product&#038;p=3446"},"modified":"2024-01-26T11:55:43","modified_gmt":"2024-01-26T17:55:43","slug":"buscadora-espiritual","status":"publish","type":"product","link":"https:\/\/libreriahistoriasdebolsillo.com\/index.php\/producto\/buscadora-espiritual\/","title":{"rendered":"Buscadora espiritual"},"content":{"rendered":"<p>La curiosidad es una de las caracter\u00edsticas principales de los seres humanos, somos curiosos por naturaleza. Indagaos siempre, nos urge encontrar respuestas, no nos atrae la incertidumbre, nos molesta no tener el control de determinados eventos. Ese deseo de control nos lleva a buscar ese \u00abalgo\u00bb que sentimos nos falta. Pero, cuando buscamos lo espiritual, \u00bfsabemos por d\u00f3nde comenzar? Lo que todos buscamos volver a experimentar es lo que vivimos en la eternidad, antes de nacer en uni\u00f3n con el creador, la vida plena en el esp\u00edritu. \u00a1Iniciemos la b\u00fasqueda!<\/p>\n","protected":false},"excerpt":{"rendered":"<p>Alejandra Stamateas<\/p>\n","protected":false},"featured_media":3447,"template":"","meta":{"_joinchat":[]},"product_brand":[],"product_cat":[58,41],"product_tag":[48],"class_list":{"0":"post-3446","1":"product","2":"type-product","3":"status-publish","4":"has-post-thumbnail","6":"product_cat-desarrollo-humano-y-superacion","7":"product_cat-desarrollo-humano","8":"product_tag-vr-editoras","10":"first","11":"instock","12":"shipping-taxable","13":"purchasable","14":"product-type-simple"},"_links":{"self":[{"href":"https:\/\/libreriahistoriasdebolsillo.com\/index.php\/wp-json\/wp\/v2\/product\/3446","targetHints":{"allow":["GET"]}}],"collection":[{"href":"https:\/\/libreriahistoriasdebolsillo.com\/index.php\/wp-json\/wp\/v2\/product"}],"about":[{"href":"https:\/\/libreriahistoriasdebolsillo.com\/index.php\/wp-json\/wp\/v2\/types\/product"}],"wp:featuredmedia":[{"embeddable":true,"href":"https:\/\/libreriahistoriasdebolsillo.com\/index.php\/wp-json\/wp\/v2\/media\/3447"}],"wp:attachment":[{"href":"https:\/\/libreriahistoriasdebolsillo.com\/index.php\/wp-json\/wp\/v2\/media?parent=3446"}],"wp:term":[{"taxonomy":"product_brand","embeddable":true,"href":"https:\/\/libreriahistoriasdebolsillo.com\/index.php\/wp-json\/wp\/v2\/product_brand?post=3446"},{"taxonomy":"product_cat","embeddable":true,"href":"https:\/\/libreriahistoriasdebolsillo.com\/index.php\/wp-json\/wp\/v2\/product_cat?post=3446"},{"taxonomy":"product_tag","embeddable":true,"href":"https:\/\/libreriahistoriasdebolsillo.com\/index.php\/wp-json\/wp\/v2\/product_tag?post=3446"}],"curies":[{"name":"wp","href":"https:\/\/api.w.org\/{rel}","templated":true}]}}