{"id":3448,"date":"2024-01-26T12:01:04","date_gmt":"2024-01-26T18:01:04","guid":{"rendered":"https:\/\/libreriahistoriasdebolsillo.com\/?post_type=product&#038;p=3448"},"modified":"2025-07-10T17:07:04","modified_gmt":"2025-07-10T23:07:04","slug":"neko-cafe","status":"publish","type":"product","link":"https:\/\/libreriahistoriasdebolsillo.com\/index.php\/producto\/neko-cafe\/","title":{"rendered":"Neko caf\u00e9"},"content":{"rendered":"<p>La vida de Nagore ha sido una sucesi\u00f3n de calamidades desde que se separ\u00f3 de su pareja y se qued\u00f3 sin trabajo. A punto de perder su apartamento por falta de pago, una vieja amiga le encuentra un empleo ins\u00f3lito: mesera del Neko Caf\u00e9, una cafeter\u00eda donde siete gatos esperan encontrar due\u00f1o entre los clientes que van a pasar la tarde. Y aunque Nagore tiene pavor a los gatos, cada uno le ayudar\u00e1 a descubrir una clave del arte de vivir. Lo que comienza como un caos, se convertir\u00e1 en una experiencia transformadora.<\/p>\n","protected":false},"excerpt":{"rendered":"<p>Anna S\u00f3lyom<\/p>\n","protected":false},"featured_media":3449,"template":"","meta":{"_joinchat":[]},"product_brand":[],"product_cat":[33],"product_tag":[48],"class_list":{"0":"post-3448","1":"product","2":"type-product","3":"status-publish","4":"has-post-thumbnail","6":"product_cat-ficcion-general","7":"product_tag-vr-editoras","9":"first","10":"instock","11":"shipping-taxable","12":"purchasable","13":"product-type-simple"},"_links":{"self":[{"href":"https:\/\/libreriahistoriasdebolsillo.com\/index.php\/wp-json\/wp\/v2\/product\/3448","targetHints":{"allow":["GET"]}}],"collection":[{"href":"https:\/\/libreriahistoriasdebolsillo.com\/index.php\/wp-json\/wp\/v2\/product"}],"about":[{"href":"https:\/\/libreriahistoriasdebolsillo.com\/index.php\/wp-json\/wp\/v2\/types\/product"}],"wp:featuredmedia":[{"embeddable":true,"href":"https:\/\/libreriahistoriasdebolsillo.com\/index.php\/wp-json\/wp\/v2\/media\/3449"}],"wp:attachment":[{"href":"https:\/\/libreriahistoriasdebolsillo.com\/index.php\/wp-json\/wp\/v2\/media?parent=3448"}],"wp:term":[{"taxonomy":"product_brand","embeddable":true,"href":"https:\/\/libreriahistoriasdebolsillo.com\/index.php\/wp-json\/wp\/v2\/product_brand?post=3448"},{"taxonomy":"product_cat","embeddable":true,"href":"https:\/\/libreriahistoriasdebolsillo.com\/index.php\/wp-json\/wp\/v2\/product_cat?post=3448"},{"taxonomy":"product_tag","embeddable":true,"href":"https:\/\/libreriahistoriasdebolsillo.com\/index.php\/wp-json\/wp\/v2\/product_tag?post=3448"}],"curies":[{"name":"wp","href":"https:\/\/api.w.org\/{rel}","templated":true}]}}