{"id":3450,"date":"2024-01-26T12:06:04","date_gmt":"2024-01-26T18:06:04","guid":{"rendered":"https:\/\/libreriahistoriasdebolsillo.com\/?post_type=product&#038;p=3450"},"modified":"2025-11-26T18:07:04","modified_gmt":"2025-11-27T00:07:04","slug":"maze-cutter-2-complejo-de-dioses","status":"publish","type":"product","link":"https:\/\/libreriahistoriasdebolsillo.com\/index.php\/producto\/maze-cutter-2-complejo-de-dioses\/","title":{"rendered":"Maze cutter 2. Complejo de dioses"},"content":{"rendered":"<p>James Dashner nos presenta la segunda entrega de Maze Cutter y esta vez los l\u00edmites entre el bien y el mal se hacen difusos: La Trinidad se ha dividido y el poseer la cura est\u00e1 generando una lucha de poder que pone en riesgo el nuevo mundo. Cuando pens\u00e1bamos que los Cranks eran el \u00fanico peligro, una nueva amenaza surgir\u00e1: ha llegado el momento de que nuestros protagonistas se prueben as\u00ed mismos.<\/p>\n","protected":false},"excerpt":{"rendered":"<p>James Dashner<\/p>\n","protected":false},"featured_media":3451,"template":"","meta":{"_joinchat":[]},"product_brand":[],"product_cat":[40,72,52],"product_tag":[48],"class_list":{"0":"post-3450","1":"product","2":"type-product","3":"status-publish","4":"has-post-thumbnail","6":"product_cat-ciencia-ficcion","7":"product_cat-distopico","8":"product_cat-juvenil","9":"product_tag-vr-editoras","11":"first","12":"instock","13":"shipping-taxable","14":"purchasable","15":"product-type-simple"},"_links":{"self":[{"href":"https:\/\/libreriahistoriasdebolsillo.com\/index.php\/wp-json\/wp\/v2\/product\/3450","targetHints":{"allow":["GET"]}}],"collection":[{"href":"https:\/\/libreriahistoriasdebolsillo.com\/index.php\/wp-json\/wp\/v2\/product"}],"about":[{"href":"https:\/\/libreriahistoriasdebolsillo.com\/index.php\/wp-json\/wp\/v2\/types\/product"}],"wp:featuredmedia":[{"embeddable":true,"href":"https:\/\/libreriahistoriasdebolsillo.com\/index.php\/wp-json\/wp\/v2\/media\/3451"}],"wp:attachment":[{"href":"https:\/\/libreriahistoriasdebolsillo.com\/index.php\/wp-json\/wp\/v2\/media?parent=3450"}],"wp:term":[{"taxonomy":"product_brand","embeddable":true,"href":"https:\/\/libreriahistoriasdebolsillo.com\/index.php\/wp-json\/wp\/v2\/product_brand?post=3450"},{"taxonomy":"product_cat","embeddable":true,"href":"https:\/\/libreriahistoriasdebolsillo.com\/index.php\/wp-json\/wp\/v2\/product_cat?post=3450"},{"taxonomy":"product_tag","embeddable":true,"href":"https:\/\/libreriahistoriasdebolsillo.com\/index.php\/wp-json\/wp\/v2\/product_tag?post=3450"}],"curies":[{"name":"wp","href":"https:\/\/api.w.org\/{rel}","templated":true}]}}