{"id":3462,"date":"2024-01-26T12:32:39","date_gmt":"2024-01-26T18:32:39","guid":{"rendered":"https:\/\/libreriahistoriasdebolsillo.com\/?post_type=product&#038;p=3462"},"modified":"2025-02-14T16:51:36","modified_gmt":"2025-02-14T22:51:36","slug":"que-compran-los-que-tienen-dinero","status":"publish","type":"product","link":"https:\/\/libreriahistoriasdebolsillo.com\/index.php\/producto\/que-compran-los-que-tienen-dinero\/","title":{"rendered":"Qu\u00e9 compran los que tienen dinero"},"content":{"rendered":"<p>Desde su primera publicaci\u00f3n en el 2009, Qu\u00e9 compran los que tienen dinero ha logrado despertar el amor por las ventas, haciendo comprender a sus lectores que el dinero es la recompensa y la consecuencia de una extraordinaria labor que consiste, b\u00e1sicamente, en dominar y comprender muy bien las aplicaciones de lo que estamos vendiendo. Esa labor debe ser persistente y, adem\u00e1s, debe estar apuntada hacia la conquista de la confianza de los prospectos. De esta manera, los transformaremos en clientes. Y as\u00ed, una vez que hemos llegado a llamar clientes a nuestros prospectos, toca la tarea de fidelizar nuestra relaci\u00f3n con ellos. Los clientes son los que traen el dinero en sus carteras y las empresas depositan ese dinero en sus cuentas bancarias. Es decir, los clientes son los que deciden qu\u00e9 hacer con el dinero, d\u00f3nde invertirlo, c\u00f3mo gastarlo, c\u00f3mo usarlo y a qui\u00e9n d\u00e1rselo.<\/p>\n","protected":false},"excerpt":{"rendered":"<p>Gerardo Mendoza Pe\u00f1a<\/p>\n","protected":false},"featured_media":3463,"template":"","meta":{"_joinchat":[]},"product_brand":[],"product_cat":[58,41],"product_tag":[48],"class_list":{"0":"post-3462","1":"product","2":"type-product","3":"status-publish","4":"has-post-thumbnail","6":"product_cat-desarrollo-humano-y-superacion","7":"product_cat-desarrollo-humano","8":"product_tag-vr-editoras","10":"first","11":"outofstock","12":"shipping-taxable","13":"purchasable","14":"product-type-simple"},"_links":{"self":[{"href":"https:\/\/libreriahistoriasdebolsillo.com\/index.php\/wp-json\/wp\/v2\/product\/3462","targetHints":{"allow":["GET"]}}],"collection":[{"href":"https:\/\/libreriahistoriasdebolsillo.com\/index.php\/wp-json\/wp\/v2\/product"}],"about":[{"href":"https:\/\/libreriahistoriasdebolsillo.com\/index.php\/wp-json\/wp\/v2\/types\/product"}],"wp:featuredmedia":[{"embeddable":true,"href":"https:\/\/libreriahistoriasdebolsillo.com\/index.php\/wp-json\/wp\/v2\/media\/3463"}],"wp:attachment":[{"href":"https:\/\/libreriahistoriasdebolsillo.com\/index.php\/wp-json\/wp\/v2\/media?parent=3462"}],"wp:term":[{"taxonomy":"product_brand","embeddable":true,"href":"https:\/\/libreriahistoriasdebolsillo.com\/index.php\/wp-json\/wp\/v2\/product_brand?post=3462"},{"taxonomy":"product_cat","embeddable":true,"href":"https:\/\/libreriahistoriasdebolsillo.com\/index.php\/wp-json\/wp\/v2\/product_cat?post=3462"},{"taxonomy":"product_tag","embeddable":true,"href":"https:\/\/libreriahistoriasdebolsillo.com\/index.php\/wp-json\/wp\/v2\/product_tag?post=3462"}],"curies":[{"name":"wp","href":"https:\/\/api.w.org\/{rel}","templated":true}]}}