{"id":3466,"date":"2024-01-26T12:36:32","date_gmt":"2024-01-26T18:36:32","guid":{"rendered":"https:\/\/libreriahistoriasdebolsillo.com\/?post_type=product&#038;p=3466"},"modified":"2025-06-28T12:12:06","modified_gmt":"2025-06-28T18:12:06","slug":"las-ocho-leyes-de-la-inteligencia-emocional","status":"publish","type":"product","link":"https:\/\/libreriahistoriasdebolsillo.com\/index.php\/producto\/las-ocho-leyes-de-la-inteligencia-emocional\/","title":{"rendered":"Las ocho leyes de la inteligencia emocional"},"content":{"rendered":"<p>Todos vivimos en la misma realidad, pero no la experimentamos igual. Lo importante es sentirnos bien con nuestras elecciones. Esta es la clave para descubrir el poder transformador de la inteligencia emocional, pues es una llave m\u00e1gica que nos abre mundos y escenarios llenos de armon\u00eda, colaboraci\u00f3n y paz interior. Aqu\u00ed encontrar\u00e1s las ocho leyes que te permitir\u00e1n cambiar tu perspectiva. Porque as\u00ed como el n\u00famero ocho simboliza tambi\u00e9n el infinito, la inteligencia emocional te dejar\u00e1 ver la misma realidad de siempre, \u00a1pero llena de posibilidades para generarte prosperidad!<\/p>\n","protected":false},"excerpt":{"rendered":"<p>Rebeca Mu\u00f1oz<\/p>\n","protected":false},"featured_media":3467,"template":"","meta":{"_joinchat":[]},"product_brand":[],"product_cat":[58,41],"product_tag":[48],"class_list":{"0":"post-3466","1":"product","2":"type-product","3":"status-publish","4":"has-post-thumbnail","6":"product_cat-desarrollo-humano-y-superacion","7":"product_cat-desarrollo-humano","8":"product_tag-vr-editoras","10":"first","11":"outofstock","12":"shipping-taxable","13":"purchasable","14":"product-type-simple"},"_links":{"self":[{"href":"https:\/\/libreriahistoriasdebolsillo.com\/index.php\/wp-json\/wp\/v2\/product\/3466","targetHints":{"allow":["GET"]}}],"collection":[{"href":"https:\/\/libreriahistoriasdebolsillo.com\/index.php\/wp-json\/wp\/v2\/product"}],"about":[{"href":"https:\/\/libreriahistoriasdebolsillo.com\/index.php\/wp-json\/wp\/v2\/types\/product"}],"wp:featuredmedia":[{"embeddable":true,"href":"https:\/\/libreriahistoriasdebolsillo.com\/index.php\/wp-json\/wp\/v2\/media\/3467"}],"wp:attachment":[{"href":"https:\/\/libreriahistoriasdebolsillo.com\/index.php\/wp-json\/wp\/v2\/media?parent=3466"}],"wp:term":[{"taxonomy":"product_brand","embeddable":true,"href":"https:\/\/libreriahistoriasdebolsillo.com\/index.php\/wp-json\/wp\/v2\/product_brand?post=3466"},{"taxonomy":"product_cat","embeddable":true,"href":"https:\/\/libreriahistoriasdebolsillo.com\/index.php\/wp-json\/wp\/v2\/product_cat?post=3466"},{"taxonomy":"product_tag","embeddable":true,"href":"https:\/\/libreriahistoriasdebolsillo.com\/index.php\/wp-json\/wp\/v2\/product_tag?post=3466"}],"curies":[{"name":"wp","href":"https:\/\/api.w.org\/{rel}","templated":true}]}}