{"id":3471,"date":"2024-01-26T13:00:31","date_gmt":"2024-01-26T19:00:31","guid":{"rendered":"https:\/\/libreriahistoriasdebolsillo.com\/?post_type=product&#038;p=3471"},"modified":"2024-01-26T13:00:31","modified_gmt":"2024-01-26T19:00:31","slug":"seras","status":"publish","type":"product","link":"https:\/\/libreriahistoriasdebolsillo.com\/index.php\/producto\/seras\/","title":{"rendered":"Ser\u00e1s"},"content":{"rendered":"<p>\u00bfQui\u00e9nes somos? \u00bfD\u00f3nde est\u00e1la verdad? \u00bfEn la vida realo en lo que dejamos salir a trav\u00e9sde una pantalla, protegidospor el anonimato? Liz se esfuerza por ser perfecta, en p\u00fablico es fuerte y decidida. Sin embargo, esconde secretos que ni siquiera sus amigas conocen.Y que la llevan a Nameless, una red escolar en la que nadie sabe qui\u00e9n es qui\u00e9n.All\u00ed es Lady Macbeth, y tiene una relaci\u00f3n con un misterioso usuario que se hace llamar Shylock. Solo con \u00e9l siente que puede ser ella misma y mostrarse tal cual es.Al mismo tiempo, en la clase de Psicolog\u00eda le asignan como compa\u00f1ero de trabajo a Jayden, el peor estudiante.Seg\u00fan el profesor, son la dupla perfecta.Pero para Liz podr\u00eda arruinar su futuro acad\u00e9mico y, con ello, lo \u00fanico que le ofrecer\u00eda una salida a sus problemas. a los dos les espera la sorpresa de sus vidas.<\/p>\n","protected":false},"excerpt":{"rendered":"<p>Anna K. Franco<\/p>\n","protected":false},"featured_media":3472,"template":"","meta":{"_joinchat":[]},"product_brand":[],"product_cat":[52,35],"product_tag":[48],"class_list":{"0":"post-3471","1":"product","2":"type-product","3":"status-publish","4":"has-post-thumbnail","6":"product_cat-juvenil","7":"product_cat-romantica","8":"product_tag-vr-editoras","10":"first","11":"instock","12":"shipping-taxable","13":"purchasable","14":"product-type-simple"},"_links":{"self":[{"href":"https:\/\/libreriahistoriasdebolsillo.com\/index.php\/wp-json\/wp\/v2\/product\/3471","targetHints":{"allow":["GET"]}}],"collection":[{"href":"https:\/\/libreriahistoriasdebolsillo.com\/index.php\/wp-json\/wp\/v2\/product"}],"about":[{"href":"https:\/\/libreriahistoriasdebolsillo.com\/index.php\/wp-json\/wp\/v2\/types\/product"}],"wp:featuredmedia":[{"embeddable":true,"href":"https:\/\/libreriahistoriasdebolsillo.com\/index.php\/wp-json\/wp\/v2\/media\/3472"}],"wp:attachment":[{"href":"https:\/\/libreriahistoriasdebolsillo.com\/index.php\/wp-json\/wp\/v2\/media?parent=3471"}],"wp:term":[{"taxonomy":"product_brand","embeddable":true,"href":"https:\/\/libreriahistoriasdebolsillo.com\/index.php\/wp-json\/wp\/v2\/product_brand?post=3471"},{"taxonomy":"product_cat","embeddable":true,"href":"https:\/\/libreriahistoriasdebolsillo.com\/index.php\/wp-json\/wp\/v2\/product_cat?post=3471"},{"taxonomy":"product_tag","embeddable":true,"href":"https:\/\/libreriahistoriasdebolsillo.com\/index.php\/wp-json\/wp\/v2\/product_tag?post=3471"}],"curies":[{"name":"wp","href":"https:\/\/api.w.org\/{rel}","templated":true}]}}