{"id":3477,"date":"2024-01-26T13:05:00","date_gmt":"2024-01-26T19:05:00","guid":{"rendered":"https:\/\/libreriahistoriasdebolsillo.com\/?post_type=product&#038;p=3477"},"modified":"2025-06-28T11:26:52","modified_gmt":"2025-06-28T17:26:52","slug":"and-i-darken-1-hija-de-las-tinieblas","status":"publish","type":"product","link":"https:\/\/libreriahistoriasdebolsillo.com\/index.php\/producto\/and-i-darken-1-hija-de-las-tinieblas\/","title":{"rendered":"And I darken 1. Hija de las tinieblas"},"content":{"rendered":"<p>Nadie espera que una princesa sea brutal. Pero Lada, la hija de Dr\u00e1cula, siempre lo fue. En cambio, su hermano Radu es un joven gentil, inteligente y sensible. Todo lo que Lada y su padre desprecian. Cuando Dr\u00e1cula condena a sus hijos al destierro y los deja en manos del sult\u00e1n otomano. Lada y Radu conocen a Mehmed. Po primera vez, Radu siente que tiene un verdadero amigo y Lada tal vez encuentre en \u00e9l a alguien por quien valga la pena sentir algo. Para Radu, el imperio otomano es su hogar. Para Lada, el enemigo. Ella ser\u00e1 capaz de sacrificarlo todo con tal de volver a su amada tierra. Lada, Radu y Mehmed crean un tri\u00e1ngulo oscuro y apasionado, que desafiar\u00e1 las reglas, lealtades y sentimientos.<\/p>\n","protected":false},"excerpt":{"rendered":"<p>Kiersten White<\/p>\n","protected":false},"featured_media":3478,"template":"","meta":{"_joinchat":[]},"product_brand":[],"product_cat":[39],"product_tag":[48],"class_list":{"0":"post-3477","1":"product","2":"type-product","3":"status-publish","4":"has-post-thumbnail","6":"product_cat-fantasia","7":"product_tag-vr-editoras","9":"first","10":"outofstock","11":"shipping-taxable","12":"purchasable","13":"product-type-simple"},"_links":{"self":[{"href":"https:\/\/libreriahistoriasdebolsillo.com\/index.php\/wp-json\/wp\/v2\/product\/3477","targetHints":{"allow":["GET"]}}],"collection":[{"href":"https:\/\/libreriahistoriasdebolsillo.com\/index.php\/wp-json\/wp\/v2\/product"}],"about":[{"href":"https:\/\/libreriahistoriasdebolsillo.com\/index.php\/wp-json\/wp\/v2\/types\/product"}],"wp:featuredmedia":[{"embeddable":true,"href":"https:\/\/libreriahistoriasdebolsillo.com\/index.php\/wp-json\/wp\/v2\/media\/3478"}],"wp:attachment":[{"href":"https:\/\/libreriahistoriasdebolsillo.com\/index.php\/wp-json\/wp\/v2\/media?parent=3477"}],"wp:term":[{"taxonomy":"product_brand","embeddable":true,"href":"https:\/\/libreriahistoriasdebolsillo.com\/index.php\/wp-json\/wp\/v2\/product_brand?post=3477"},{"taxonomy":"product_cat","embeddable":true,"href":"https:\/\/libreriahistoriasdebolsillo.com\/index.php\/wp-json\/wp\/v2\/product_cat?post=3477"},{"taxonomy":"product_tag","embeddable":true,"href":"https:\/\/libreriahistoriasdebolsillo.com\/index.php\/wp-json\/wp\/v2\/product_tag?post=3477"}],"curies":[{"name":"wp","href":"https:\/\/api.w.org\/{rel}","templated":true}]}}