{"id":3479,"date":"2024-01-26T13:08:00","date_gmt":"2024-01-26T19:08:00","guid":{"rendered":"https:\/\/libreriahistoriasdebolsillo.com\/?post_type=product&#038;p=3479"},"modified":"2024-01-26T13:08:00","modified_gmt":"2024-01-26T19:08:00","slug":"cronicas-lunares-35-fairest-la-historia-de-levana","status":"publish","type":"product","link":"https:\/\/libreriahistoriasdebolsillo.com\/index.php\/producto\/cronicas-lunares-35-fairest-la-historia-de-levana\/","title":{"rendered":"Cr\u00f3nicas lunares 3,5 . Fairest, la historia de Levana"},"content":{"rendered":"<p>\u00bfEn qu\u00e9 se transforma el amor y el dolor en una mente perturbada? Una historia donde la crueldad, la falta de escr\u00fapulos y la ambici\u00f3n son constitutivos de toda una familia imperial. En Luna no hay reparos para conseguir lo que se quiere: manipulaci\u00f3n, tortura, asesinatos Levana es la heredera y su ambici\u00f3n pone las miras en la Tierra y har\u00e1 todo lo necesario, implique lo que implique, para conseguirlo. Un relato inquietante que nos presentar\u00e1 las razones (\u00bfrazones?) que llevaron a la Reina Levana a ser quien es.<\/p>\n","protected":false},"excerpt":{"rendered":"<p>Marissa Meyer<\/p>\n","protected":false},"featured_media":3480,"template":"","meta":{"_joinchat":[]},"product_brand":[],"product_cat":[40,39,52],"product_tag":[48],"class_list":{"0":"post-3479","1":"product","2":"type-product","3":"status-publish","4":"has-post-thumbnail","6":"product_cat-ciencia-ficcion","7":"product_cat-fantasia","8":"product_cat-juvenil","9":"product_tag-vr-editoras","11":"first","12":"instock","13":"shipping-taxable","14":"purchasable","15":"product-type-simple"},"_links":{"self":[{"href":"https:\/\/libreriahistoriasdebolsillo.com\/index.php\/wp-json\/wp\/v2\/product\/3479","targetHints":{"allow":["GET"]}}],"collection":[{"href":"https:\/\/libreriahistoriasdebolsillo.com\/index.php\/wp-json\/wp\/v2\/product"}],"about":[{"href":"https:\/\/libreriahistoriasdebolsillo.com\/index.php\/wp-json\/wp\/v2\/types\/product"}],"wp:featuredmedia":[{"embeddable":true,"href":"https:\/\/libreriahistoriasdebolsillo.com\/index.php\/wp-json\/wp\/v2\/media\/3480"}],"wp:attachment":[{"href":"https:\/\/libreriahistoriasdebolsillo.com\/index.php\/wp-json\/wp\/v2\/media?parent=3479"}],"wp:term":[{"taxonomy":"product_brand","embeddable":true,"href":"https:\/\/libreriahistoriasdebolsillo.com\/index.php\/wp-json\/wp\/v2\/product_brand?post=3479"},{"taxonomy":"product_cat","embeddable":true,"href":"https:\/\/libreriahistoriasdebolsillo.com\/index.php\/wp-json\/wp\/v2\/product_cat?post=3479"},{"taxonomy":"product_tag","embeddable":true,"href":"https:\/\/libreriahistoriasdebolsillo.com\/index.php\/wp-json\/wp\/v2\/product_tag?post=3479"}],"curies":[{"name":"wp","href":"https:\/\/api.w.org\/{rel}","templated":true}]}}