{"id":3481,"date":"2024-01-26T13:10:29","date_gmt":"2024-01-26T19:10:29","guid":{"rendered":"https:\/\/libreriahistoriasdebolsillo.com\/?post_type=product&#038;p=3481"},"modified":"2024-01-26T13:10:29","modified_gmt":"2024-01-26T19:10:29","slug":"cronicas-lunares-45-stars-above","status":"publish","type":"product","link":"https:\/\/libreriahistoriasdebolsillo.com\/index.php\/producto\/cronicas-lunares-45-stars-above\/","title":{"rendered":"Cr\u00f3nicas lunares 4,5. Stars above"},"content":{"rendered":"<p>La Magia contin\u00faa\u2026El mundo de Cr\u00f3nicas Lunares tiene historias y secretos muy bien guardados. \u00bfC\u00f3mo lleg\u00f3 Cinder ni\u00f1a, herida de muerte, a la tierra? \u00bfC\u00f3mo se convirti\u00f3 Wolf en un soldado mutante de la reina?\u00bfQu\u00e9 se esconde tras las cicatrices de Winter? Y m\u00e1s\u2026 Nueve historias. Nueve puertas al mundo de Cr\u00f3nicas Lunares, que te volver\u00e1n a enamorar. Atr\u00e9vete a cruzar el umbral.<\/p>\n","protected":false},"excerpt":{"rendered":"<p>Marissa Meyer<\/p>\n","protected":false},"featured_media":3482,"template":"","meta":{"_joinchat":[]},"product_brand":[],"product_cat":[40,39,52],"product_tag":[48],"class_list":{"0":"post-3481","1":"product","2":"type-product","3":"status-publish","4":"has-post-thumbnail","6":"product_cat-ciencia-ficcion","7":"product_cat-fantasia","8":"product_cat-juvenil","9":"product_tag-vr-editoras","11":"first","12":"instock","13":"shipping-taxable","14":"purchasable","15":"product-type-simple"},"_links":{"self":[{"href":"https:\/\/libreriahistoriasdebolsillo.com\/index.php\/wp-json\/wp\/v2\/product\/3481","targetHints":{"allow":["GET"]}}],"collection":[{"href":"https:\/\/libreriahistoriasdebolsillo.com\/index.php\/wp-json\/wp\/v2\/product"}],"about":[{"href":"https:\/\/libreriahistoriasdebolsillo.com\/index.php\/wp-json\/wp\/v2\/types\/product"}],"wp:featuredmedia":[{"embeddable":true,"href":"https:\/\/libreriahistoriasdebolsillo.com\/index.php\/wp-json\/wp\/v2\/media\/3482"}],"wp:attachment":[{"href":"https:\/\/libreriahistoriasdebolsillo.com\/index.php\/wp-json\/wp\/v2\/media?parent=3481"}],"wp:term":[{"taxonomy":"product_brand","embeddable":true,"href":"https:\/\/libreriahistoriasdebolsillo.com\/index.php\/wp-json\/wp\/v2\/product_brand?post=3481"},{"taxonomy":"product_cat","embeddable":true,"href":"https:\/\/libreriahistoriasdebolsillo.com\/index.php\/wp-json\/wp\/v2\/product_cat?post=3481"},{"taxonomy":"product_tag","embeddable":true,"href":"https:\/\/libreriahistoriasdebolsillo.com\/index.php\/wp-json\/wp\/v2\/product_tag?post=3481"}],"curies":[{"name":"wp","href":"https:\/\/api.w.org\/{rel}","templated":true}]}}