{"id":3483,"date":"2024-01-26T13:12:38","date_gmt":"2024-01-26T19:12:38","guid":{"rendered":"https:\/\/libreriahistoriasdebolsillo.com\/?post_type=product&#038;p=3483"},"modified":"2024-01-26T13:12:38","modified_gmt":"2024-01-26T19:12:38","slug":"reino-de-sombras-1","status":"publish","type":"product","link":"https:\/\/libreriahistoriasdebolsillo.com\/index.php\/producto\/reino-de-sombras-1\/","title":{"rendered":"Reino de sombras 1"},"content":{"rendered":"<p>Cuando las sombras descendieron sobre el reino, su destino qued\u00f3 sellado. Una oscuridad profunda y letal cay\u00f3 sobre el reino de Relhok. El cruel canciller est\u00e1 dispuesto a todo con tal de conservar el trono. Pero existe un amor que puede arrebat\u00e1rselo. Ella es una princesa que todos creen muerta. Y \u00e9l, un valiente arquero. Juntos, podr\u00e1n hacer temblar los cimientos de Relhok. Reino de sombras es el esperado regreso de Sophie Jordan a la fantas\u00eda. Con una prosa rica y \u00e1gil, nos sumerge en un mundo oscuro y peligroso, en donde nadie tiene la vida asegurada.<\/p>\n","protected":false},"excerpt":{"rendered":"<p>Sophie Jordan<\/p>\n","protected":false},"featured_media":3484,"template":"","meta":{"_joinchat":[]},"product_brand":[],"product_cat":[39],"product_tag":[48],"class_list":{"0":"post-3483","1":"product","2":"type-product","3":"status-publish","4":"has-post-thumbnail","6":"product_cat-fantasia","7":"product_tag-vr-editoras","9":"first","10":"instock","11":"shipping-taxable","12":"purchasable","13":"product-type-simple"},"_links":{"self":[{"href":"https:\/\/libreriahistoriasdebolsillo.com\/index.php\/wp-json\/wp\/v2\/product\/3483","targetHints":{"allow":["GET"]}}],"collection":[{"href":"https:\/\/libreriahistoriasdebolsillo.com\/index.php\/wp-json\/wp\/v2\/product"}],"about":[{"href":"https:\/\/libreriahistoriasdebolsillo.com\/index.php\/wp-json\/wp\/v2\/types\/product"}],"wp:featuredmedia":[{"embeddable":true,"href":"https:\/\/libreriahistoriasdebolsillo.com\/index.php\/wp-json\/wp\/v2\/media\/3484"}],"wp:attachment":[{"href":"https:\/\/libreriahistoriasdebolsillo.com\/index.php\/wp-json\/wp\/v2\/media?parent=3483"}],"wp:term":[{"taxonomy":"product_brand","embeddable":true,"href":"https:\/\/libreriahistoriasdebolsillo.com\/index.php\/wp-json\/wp\/v2\/product_brand?post=3483"},{"taxonomy":"product_cat","embeddable":true,"href":"https:\/\/libreriahistoriasdebolsillo.com\/index.php\/wp-json\/wp\/v2\/product_cat?post=3483"},{"taxonomy":"product_tag","embeddable":true,"href":"https:\/\/libreriahistoriasdebolsillo.com\/index.php\/wp-json\/wp\/v2\/product_tag?post=3483"}],"curies":[{"name":"wp","href":"https:\/\/api.w.org\/{rel}","templated":true}]}}