{"id":3485,"date":"2024-01-26T13:14:05","date_gmt":"2024-01-26T19:14:05","guid":{"rendered":"https:\/\/libreriahistoriasdebolsillo.com\/?post_type=product&#038;p=3485"},"modified":"2024-01-26T13:14:05","modified_gmt":"2024-01-26T19:14:05","slug":"reino-de-sombras-2-reina-de-fuego","status":"publish","type":"product","link":"https:\/\/libreriahistoriasdebolsillo.com\/index.php\/producto\/reino-de-sombras-2-reina-de-fuego\/","title":{"rendered":"Reino de sombras 2. Reina de fuego"},"content":{"rendered":"<p>Cuando las sombras descendieron sobre el reino, su destino qued\u00f3 sellado. Luna y Fowler escaparon de Relhok, pero no de la oscuridad. Ahora, la princesa deber\u00e1 tomar decisiones, que pueden cambiar el rumbo de su vida y de Relhok para siempre. Luna deber\u00e1 aferrarse a la oscuridad y al fuego, o perder\u00e1 a Fowler y ese futuro prometedor al que est\u00e1 destinada. Reina de fuego es el esperado desenlace de Reino de sombras. Una vez m\u00e1s, Sophie Jordan nos vuelve a cautivar con una atm\u00f3sfera oscura en una historia llena de suspenso y romance.<\/p>\n","protected":false},"excerpt":{"rendered":"<p>Sophie Jordan<\/p>\n","protected":false},"featured_media":3486,"template":"","meta":{"_joinchat":[]},"product_brand":[],"product_cat":[39],"product_tag":[],"class_list":{"0":"post-3485","1":"product","2":"type-product","3":"status-publish","4":"has-post-thumbnail","6":"product_cat-fantasia","8":"first","9":"instock","10":"shipping-taxable","11":"purchasable","12":"product-type-simple"},"_links":{"self":[{"href":"https:\/\/libreriahistoriasdebolsillo.com\/index.php\/wp-json\/wp\/v2\/product\/3485","targetHints":{"allow":["GET"]}}],"collection":[{"href":"https:\/\/libreriahistoriasdebolsillo.com\/index.php\/wp-json\/wp\/v2\/product"}],"about":[{"href":"https:\/\/libreriahistoriasdebolsillo.com\/index.php\/wp-json\/wp\/v2\/types\/product"}],"wp:featuredmedia":[{"embeddable":true,"href":"https:\/\/libreriahistoriasdebolsillo.com\/index.php\/wp-json\/wp\/v2\/media\/3486"}],"wp:attachment":[{"href":"https:\/\/libreriahistoriasdebolsillo.com\/index.php\/wp-json\/wp\/v2\/media?parent=3485"}],"wp:term":[{"taxonomy":"product_brand","embeddable":true,"href":"https:\/\/libreriahistoriasdebolsillo.com\/index.php\/wp-json\/wp\/v2\/product_brand?post=3485"},{"taxonomy":"product_cat","embeddable":true,"href":"https:\/\/libreriahistoriasdebolsillo.com\/index.php\/wp-json\/wp\/v2\/product_cat?post=3485"},{"taxonomy":"product_tag","embeddable":true,"href":"https:\/\/libreriahistoriasdebolsillo.com\/index.php\/wp-json\/wp\/v2\/product_tag?post=3485"}],"curies":[{"name":"wp","href":"https:\/\/api.w.org\/{rel}","templated":true}]}}