{"id":3487,"date":"2024-01-26T13:16:53","date_gmt":"2024-01-26T19:16:53","guid":{"rendered":"https:\/\/libreriahistoriasdebolsillo.com\/?post_type=product&#038;p=3487"},"modified":"2026-04-22T09:51:48","modified_gmt":"2026-04-22T15:51:48","slug":"nectar-y-escarcha-1-frost","status":"publish","type":"product","link":"https:\/\/libreriahistoriasdebolsillo.com\/index.php\/producto\/nectar-y-escarcha-1-frost\/","title":{"rendered":"N\u00e9ctar y escarcha 1. Frost"},"content":{"rendered":"<p>En el peor cumplea\u00f1os de mi vida, encontr\u00e9 a mi novio con otra. Unas horas despu\u00e9s, estoy ebria, sin hogar y jurando que jam\u00e1s volver\u00e9 a enamorarme, sin tener idea de que el peligrosamente sexy rey seelie est\u00e1 en la ciudad buscando a una fae como yo. Cada generaci\u00f3n, el rey realiza una competencia para elegir a su reina, pero Torin busca una farsa, no un matrimonio real. Cuando me ofrecen participar, cre\u00eda que no ten\u00eda nada que perder, sin embargo, las otras participantes est\u00e1n dispuestas a matar por la corona. Ahora no solo mi vida est\u00e1 en la l\u00ednea de fuego, sino tambi\u00e9n mi coraz\u00f3n. Derr\u00edtete con este fantasy rom\u00e1ntico e irreverente.<\/p>\n","protected":false},"excerpt":{"rendered":"<p>C.N. Crawford<\/p>\n","protected":false},"featured_media":3488,"template":"","meta":{"_joinchat":[]},"product_brand":[],"product_cat":[39,52,35],"product_tag":[48],"class_list":{"0":"post-3487","1":"product","2":"type-product","3":"status-publish","4":"has-post-thumbnail","6":"product_cat-fantasia","7":"product_cat-juvenil","8":"product_cat-romantica","9":"product_tag-vr-editoras","11":"first","12":"instock","13":"shipping-taxable","14":"purchasable","15":"product-type-simple"},"_links":{"self":[{"href":"https:\/\/libreriahistoriasdebolsillo.com\/index.php\/wp-json\/wp\/v2\/product\/3487","targetHints":{"allow":["GET"]}}],"collection":[{"href":"https:\/\/libreriahistoriasdebolsillo.com\/index.php\/wp-json\/wp\/v2\/product"}],"about":[{"href":"https:\/\/libreriahistoriasdebolsillo.com\/index.php\/wp-json\/wp\/v2\/types\/product"}],"wp:featuredmedia":[{"embeddable":true,"href":"https:\/\/libreriahistoriasdebolsillo.com\/index.php\/wp-json\/wp\/v2\/media\/3488"}],"wp:attachment":[{"href":"https:\/\/libreriahistoriasdebolsillo.com\/index.php\/wp-json\/wp\/v2\/media?parent=3487"}],"wp:term":[{"taxonomy":"product_brand","embeddable":true,"href":"https:\/\/libreriahistoriasdebolsillo.com\/index.php\/wp-json\/wp\/v2\/product_brand?post=3487"},{"taxonomy":"product_cat","embeddable":true,"href":"https:\/\/libreriahistoriasdebolsillo.com\/index.php\/wp-json\/wp\/v2\/product_cat?post=3487"},{"taxonomy":"product_tag","embeddable":true,"href":"https:\/\/libreriahistoriasdebolsillo.com\/index.php\/wp-json\/wp\/v2\/product_tag?post=3487"}],"curies":[{"name":"wp","href":"https:\/\/api.w.org\/{rel}","templated":true}]}}