{"id":3489,"date":"2024-01-26T13:19:29","date_gmt":"2024-01-26T19:19:29","guid":{"rendered":"https:\/\/libreriahistoriasdebolsillo.com\/?post_type=product&#038;p=3489"},"modified":"2025-11-26T18:07:37","modified_gmt":"2025-11-27T00:07:37","slug":"sigilos-nuevas-llaves-para-despertar-tu-magia","status":"publish","type":"product","link":"https:\/\/libreriahistoriasdebolsillo.com\/index.php\/producto\/sigilos-nuevas-llaves-para-despertar-tu-magia\/","title":{"rendered":"Sigilos. Nuevas llaves para despertar tu magia"},"content":{"rendered":"<p>\u00abTodos tenemos un enorme potencial para modificar nuestra realidad de formas inimaginables. A trav\u00e9s de sigilos (dibujos simb\u00f3licos con prop\u00f3sitos m\u00e1gicos que podr\u00e1s usar para fines concretos y espec\u00edficos) Guillermo de Zan y Mel Knarik te brindar\u00e1n las llaves para conectar con tu Yo Creador y despertar el potencial m\u00e1gico que duerme en tu interior. Los sigilos te dar\u00e1n acceso al poder ilimitado que espera pacientemente tras la puerta del potencial. Como quien halla un tesoro, podr\u00e1s comprobar por ti mismo tu capacidad de abrir el caudal de magia que es tuyo por derecho.\u00bb<\/p>\n","protected":false},"excerpt":{"rendered":"<p>Guillermo de Zan y Mel Knarik<\/p>\n","protected":false},"featured_media":3490,"template":"","meta":{"_joinchat":[]},"product_brand":[],"product_cat":[59,41],"product_tag":[48],"class_list":{"0":"post-3489","1":"product","2":"type-product","3":"status-publish","4":"has-post-thumbnail","6":"product_cat-esoterismo","7":"product_cat-desarrollo-humano","8":"product_tag-vr-editoras","10":"first","11":"instock","12":"shipping-taxable","13":"purchasable","14":"product-type-simple"},"_links":{"self":[{"href":"https:\/\/libreriahistoriasdebolsillo.com\/index.php\/wp-json\/wp\/v2\/product\/3489","targetHints":{"allow":["GET"]}}],"collection":[{"href":"https:\/\/libreriahistoriasdebolsillo.com\/index.php\/wp-json\/wp\/v2\/product"}],"about":[{"href":"https:\/\/libreriahistoriasdebolsillo.com\/index.php\/wp-json\/wp\/v2\/types\/product"}],"wp:featuredmedia":[{"embeddable":true,"href":"https:\/\/libreriahistoriasdebolsillo.com\/index.php\/wp-json\/wp\/v2\/media\/3490"}],"wp:attachment":[{"href":"https:\/\/libreriahistoriasdebolsillo.com\/index.php\/wp-json\/wp\/v2\/media?parent=3489"}],"wp:term":[{"taxonomy":"product_brand","embeddable":true,"href":"https:\/\/libreriahistoriasdebolsillo.com\/index.php\/wp-json\/wp\/v2\/product_brand?post=3489"},{"taxonomy":"product_cat","embeddable":true,"href":"https:\/\/libreriahistoriasdebolsillo.com\/index.php\/wp-json\/wp\/v2\/product_cat?post=3489"},{"taxonomy":"product_tag","embeddable":true,"href":"https:\/\/libreriahistoriasdebolsillo.com\/index.php\/wp-json\/wp\/v2\/product_tag?post=3489"}],"curies":[{"name":"wp","href":"https:\/\/api.w.org\/{rel}","templated":true}]}}