{"id":3494,"date":"2024-01-26T13:47:58","date_gmt":"2024-01-26T19:47:58","guid":{"rendered":"https:\/\/libreriahistoriasdebolsillo.com\/?post_type=product&#038;p=3494"},"modified":"2024-01-26T13:47:58","modified_gmt":"2024-01-26T19:47:58","slug":"imperfecto","status":"publish","type":"product","link":"https:\/\/libreriahistoriasdebolsillo.com\/index.php\/producto\/imperfecto\/","title":{"rendered":"Imperfecto"},"content":{"rendered":"<p>Ariel es perfecto. No. Ariel quiere ser perfecto. Estudiante modelo, deportista aplicado, primer viol\u00edn, voluntariados, todo lo que sea necesario para ingresar a la universidad de sus sue\u00f1os. Nada m\u00e1s ni nada menos que Harvard. Hasta que un colapso de estr\u00e9s, una mala calificaci\u00f3n en un examen y un tutor de C\u00e1lculo que parece salido de un sue\u00f1o, entran a la ecuaci\u00f3n para recordarle que en su af\u00e1n de perfecci\u00f3n est\u00e1 olvid\u00e1ndose de lo m\u00e1s importante de todo: VIVIR. Porque lo m\u00e1s hermoso de la vida, es que es absolutamente imperfecta. Una historia dulce y cautivante que nos recuerda lo que es realmente importante.<\/p>\n","protected":false},"excerpt":{"rendered":"<p>Laura Silverman<\/p>\n","protected":false},"featured_media":3495,"template":"","meta":{"_joinchat":[]},"product_brand":[],"product_cat":[33],"product_tag":[48],"class_list":{"0":"post-3494","1":"product","2":"type-product","3":"status-publish","4":"has-post-thumbnail","6":"product_cat-ficcion-general","7":"product_tag-vr-editoras","9":"first","10":"instock","11":"shipping-taxable","12":"purchasable","13":"product-type-simple"},"_links":{"self":[{"href":"https:\/\/libreriahistoriasdebolsillo.com\/index.php\/wp-json\/wp\/v2\/product\/3494","targetHints":{"allow":["GET"]}}],"collection":[{"href":"https:\/\/libreriahistoriasdebolsillo.com\/index.php\/wp-json\/wp\/v2\/product"}],"about":[{"href":"https:\/\/libreriahistoriasdebolsillo.com\/index.php\/wp-json\/wp\/v2\/types\/product"}],"wp:featuredmedia":[{"embeddable":true,"href":"https:\/\/libreriahistoriasdebolsillo.com\/index.php\/wp-json\/wp\/v2\/media\/3495"}],"wp:attachment":[{"href":"https:\/\/libreriahistoriasdebolsillo.com\/index.php\/wp-json\/wp\/v2\/media?parent=3494"}],"wp:term":[{"taxonomy":"product_brand","embeddable":true,"href":"https:\/\/libreriahistoriasdebolsillo.com\/index.php\/wp-json\/wp\/v2\/product_brand?post=3494"},{"taxonomy":"product_cat","embeddable":true,"href":"https:\/\/libreriahistoriasdebolsillo.com\/index.php\/wp-json\/wp\/v2\/product_cat?post=3494"},{"taxonomy":"product_tag","embeddable":true,"href":"https:\/\/libreriahistoriasdebolsillo.com\/index.php\/wp-json\/wp\/v2\/product_tag?post=3494"}],"curies":[{"name":"wp","href":"https:\/\/api.w.org\/{rel}","templated":true}]}}