{"id":3496,"date":"2024-01-26T14:05:12","date_gmt":"2024-01-26T20:05:12","guid":{"rendered":"https:\/\/libreriahistoriasdebolsillo.com\/?post_type=product&#038;p=3496"},"modified":"2025-11-26T18:07:43","modified_gmt":"2025-11-27T00:07:43","slug":"hollywood-miente","status":"publish","type":"product","link":"https:\/\/libreriahistoriasdebolsillo.com\/index.php\/producto\/hollywood-miente\/","title":{"rendered":"Hollywood miente"},"content":{"rendered":"<p>Laura so\u00f1\u00f3 con ser actriz toda la vida. Despu\u00e9s de muchos a\u00f1os de lucha y sacrificios, al fin logr\u00f3 subir varios pelda\u00f1os en la escalera de la fama. Es una mujer brillante y generosa, con una personalidad arrolladora y un gran carisma. Sin embargo, una vez que los reflectores se apagan, los fantasmas de su propia historia rompen con la magia del cine. James es un abogado de Alabama que acaba de perder su trabajo por defender una causa justa. Con el \u00faltimo dinero que le queda, va a un bar para olvidar sus problemas. Un productor lo descubre en ese lugar inh\u00f3spito y su vida da un vuelco cuando acepta filmar una pel\u00edcula. Laura y James se encuentran en Desvanecido, la cinta que protagonizan. Creen que solo ese contrato los une. El tiempo les demostrar\u00e1 que comparten mucho m\u00e1s que escenas de mentira y que algunos secretos no deben permanecer en las sombras.<\/p>\n","protected":false},"excerpt":{"rendered":"<p>Anabella Franco<\/p>\n","protected":false},"featured_media":3497,"template":"","meta":{"_joinchat":[]},"product_brand":[],"product_cat":[35],"product_tag":[48],"class_list":{"0":"post-3496","1":"product","2":"type-product","3":"status-publish","4":"has-post-thumbnail","6":"product_cat-romantica","7":"product_tag-vr-editoras","9":"first","10":"instock","11":"shipping-taxable","12":"purchasable","13":"product-type-simple"},"_links":{"self":[{"href":"https:\/\/libreriahistoriasdebolsillo.com\/index.php\/wp-json\/wp\/v2\/product\/3496","targetHints":{"allow":["GET"]}}],"collection":[{"href":"https:\/\/libreriahistoriasdebolsillo.com\/index.php\/wp-json\/wp\/v2\/product"}],"about":[{"href":"https:\/\/libreriahistoriasdebolsillo.com\/index.php\/wp-json\/wp\/v2\/types\/product"}],"wp:featuredmedia":[{"embeddable":true,"href":"https:\/\/libreriahistoriasdebolsillo.com\/index.php\/wp-json\/wp\/v2\/media\/3497"}],"wp:attachment":[{"href":"https:\/\/libreriahistoriasdebolsillo.com\/index.php\/wp-json\/wp\/v2\/media?parent=3496"}],"wp:term":[{"taxonomy":"product_brand","embeddable":true,"href":"https:\/\/libreriahistoriasdebolsillo.com\/index.php\/wp-json\/wp\/v2\/product_brand?post=3496"},{"taxonomy":"product_cat","embeddable":true,"href":"https:\/\/libreriahistoriasdebolsillo.com\/index.php\/wp-json\/wp\/v2\/product_cat?post=3496"},{"taxonomy":"product_tag","embeddable":true,"href":"https:\/\/libreriahistoriasdebolsillo.com\/index.php\/wp-json\/wp\/v2\/product_tag?post=3496"}],"curies":[{"name":"wp","href":"https:\/\/api.w.org\/{rel}","templated":true}]}}