{"id":3506,"date":"2024-01-26T14:32:52","date_gmt":"2024-01-26T20:32:52","guid":{"rendered":"https:\/\/libreriahistoriasdebolsillo.com\/?post_type=product&#038;p=3506"},"modified":"2025-02-14T16:53:34","modified_gmt":"2025-02-14T22:53:34","slug":"caminantes-nocturnos-1-insomnia","status":"publish","type":"product","link":"https:\/\/libreriahistoriasdebolsillo.com\/index.php\/producto\/caminantes-nocturnos-1-insomnia\/","title":{"rendered":"Caminantes nocturnos 1. Insomnia"},"content":{"rendered":"<p>\u00bfQu\u00e9 pasar\u00eda si cada noche cuando vas a dormir pudieras ver los sue\u00f1os de otra persona? Eso es lo que le sucede a Parker Chipp. \u00c9l nunca descansa, siempre penetra en las pesadillas de la \u00faltima persona que mir\u00f3 a los ojos. Sin embargo, todo cambia cuando, por error, conoce a Mia. Ella tiene sue\u00f1os placenteros, los \u00fanicos en los que Parker puede descansar. Por eso \u00e9l har\u00e1 lo que sea necesario para que Mia sea la \u00faltima persona que vea todas las noches. Nadie sabe hasta d\u00f3nde llegar\u00e1 Parker para conseguirlo ni siquiera \u00e9l mismo. lnsomnia es una novela distinta, fresca y original. Lejos de las historias paranormales rom\u00e1nticas, la autora nos presenta una trama en la cual el suspenso es su elemento fundamental. Con personajes reales y muy bien logrados, y una intriga que promete mantener al lector en vilo, Johansson introduce un juego psicol\u00f3gico que nos lleva a los l\u00edmites de lo real y lo paranormal en una historia en la que nada ni nadie es lo que parece.<\/p>\n","protected":false},"excerpt":{"rendered":"<p>J.R. Johansson<\/p>\n","protected":false},"featured_media":3507,"template":"","meta":{"_joinchat":[]},"product_brand":[],"product_cat":[37,36],"product_tag":[48],"class_list":{"0":"post-3506","1":"product","2":"type-product","3":"status-publish","4":"has-post-thumbnail","6":"product_cat-misterio-y-thriller","7":"product_cat-terror-y-paranormal","8":"product_tag-vr-editoras","10":"first","11":"outofstock","12":"shipping-taxable","13":"purchasable","14":"product-type-simple"},"_links":{"self":[{"href":"https:\/\/libreriahistoriasdebolsillo.com\/index.php\/wp-json\/wp\/v2\/product\/3506","targetHints":{"allow":["GET"]}}],"collection":[{"href":"https:\/\/libreriahistoriasdebolsillo.com\/index.php\/wp-json\/wp\/v2\/product"}],"about":[{"href":"https:\/\/libreriahistoriasdebolsillo.com\/index.php\/wp-json\/wp\/v2\/types\/product"}],"wp:featuredmedia":[{"embeddable":true,"href":"https:\/\/libreriahistoriasdebolsillo.com\/index.php\/wp-json\/wp\/v2\/media\/3507"}],"wp:attachment":[{"href":"https:\/\/libreriahistoriasdebolsillo.com\/index.php\/wp-json\/wp\/v2\/media?parent=3506"}],"wp:term":[{"taxonomy":"product_brand","embeddable":true,"href":"https:\/\/libreriahistoriasdebolsillo.com\/index.php\/wp-json\/wp\/v2\/product_brand?post=3506"},{"taxonomy":"product_cat","embeddable":true,"href":"https:\/\/libreriahistoriasdebolsillo.com\/index.php\/wp-json\/wp\/v2\/product_cat?post=3506"},{"taxonomy":"product_tag","embeddable":true,"href":"https:\/\/libreriahistoriasdebolsillo.com\/index.php\/wp-json\/wp\/v2\/product_tag?post=3506"}],"curies":[{"name":"wp","href":"https:\/\/api.w.org\/{rel}","templated":true}]}}