{"id":3508,"date":"2024-01-26T14:35:18","date_gmt":"2024-01-26T20:35:18","guid":{"rendered":"https:\/\/libreriahistoriasdebolsillo.com\/?post_type=product&#038;p=3508"},"modified":"2025-02-14T16:53:30","modified_gmt":"2025-02-14T22:53:30","slug":"caminantes-nocturnos-2-paranoia","status":"publish","type":"product","link":"https:\/\/libreriahistoriasdebolsillo.com\/index.php\/producto\/caminantes-nocturnos-2-paranoia\/","title":{"rendered":"Caminantes nocturnos 2. Paranoia"},"content":{"rendered":"<div class=\"hidden-xs hidden-sm\">\n<p>Luego de haber estado al borde de la muerte, Parker est\u00e1 intentando aprender c\u00f3mo llevar una vida normal como un observador. Todo parece ir bien hasta que un d\u00eda despierta en una c\u00e1rcel. Oscuridad ha vuelto, y parece estar m\u00e1s fuerte que nunca. Parker sabe que Jack es la \u00fanica persona que lo puede ayudar a entender qu\u00e9 le ocurre, qu\u00e9 implica ser un observador. Pero, sorpresivamente, tambi\u00e9n podr\u00e1 ayudarlo a encontrar a su padre y le develar\u00e1 cosas que Parker jam\u00e1s imagin\u00f3 como si esto fuera poco, tambi\u00e9n entran en escena los usurpadores, otro tipo de caminantes nocturnos y, definitivamente, mucho m\u00e1s decididos a acabar con la vida de todos los que se interpongan en su camino tal vez, ellos sean los responsables de los extra\u00f1os hechos que est\u00e1n ocurriendo en Oakville.<\/p>\n<\/div>\n","protected":false},"excerpt":{"rendered":"<p>J.R. Johansson<\/p>\n","protected":false},"featured_media":3509,"template":"","meta":{"_joinchat":[]},"product_brand":[],"product_cat":[37,36],"product_tag":[48],"class_list":{"0":"post-3508","1":"product","2":"type-product","3":"status-publish","4":"has-post-thumbnail","6":"product_cat-misterio-y-thriller","7":"product_cat-terror-y-paranormal","8":"product_tag-vr-editoras","10":"first","11":"outofstock","12":"shipping-taxable","13":"purchasable","14":"product-type-simple"},"_links":{"self":[{"href":"https:\/\/libreriahistoriasdebolsillo.com\/index.php\/wp-json\/wp\/v2\/product\/3508","targetHints":{"allow":["GET"]}}],"collection":[{"href":"https:\/\/libreriahistoriasdebolsillo.com\/index.php\/wp-json\/wp\/v2\/product"}],"about":[{"href":"https:\/\/libreriahistoriasdebolsillo.com\/index.php\/wp-json\/wp\/v2\/types\/product"}],"wp:featuredmedia":[{"embeddable":true,"href":"https:\/\/libreriahistoriasdebolsillo.com\/index.php\/wp-json\/wp\/v2\/media\/3509"}],"wp:attachment":[{"href":"https:\/\/libreriahistoriasdebolsillo.com\/index.php\/wp-json\/wp\/v2\/media?parent=3508"}],"wp:term":[{"taxonomy":"product_brand","embeddable":true,"href":"https:\/\/libreriahistoriasdebolsillo.com\/index.php\/wp-json\/wp\/v2\/product_brand?post=3508"},{"taxonomy":"product_cat","embeddable":true,"href":"https:\/\/libreriahistoriasdebolsillo.com\/index.php\/wp-json\/wp\/v2\/product_cat?post=3508"},{"taxonomy":"product_tag","embeddable":true,"href":"https:\/\/libreriahistoriasdebolsillo.com\/index.php\/wp-json\/wp\/v2\/product_tag?post=3508"}],"curies":[{"name":"wp","href":"https:\/\/api.w.org\/{rel}","templated":true}]}}