{"id":3510,"date":"2024-01-26T14:37:46","date_gmt":"2024-01-26T20:37:46","guid":{"rendered":"https:\/\/libreriahistoriasdebolsillo.com\/?post_type=product&#038;p=3510"},"modified":"2025-02-14T16:53:24","modified_gmt":"2025-02-14T22:53:24","slug":"caminantes-nocturnos-3-mania","status":"publish","type":"product","link":"https:\/\/libreriahistoriasdebolsillo.com\/index.php\/producto\/caminantes-nocturnos-3-mania\/","title":{"rendered":"Caminantes nocturnos 3. Man\u00eda"},"content":{"rendered":"<p>El tiempo corre, y los usurpadores est\u00e1n listos para dar la estocada final. Ahora que Daniel Chipp est\u00e1 muerto, Jack y Parker tienen que terminar el trabajo que su padre comenz\u00f3: conseguir los ingredientes para un elixir que podr\u00eda acabar con los problemas de los Caminantes Nocturnos. Daniel les dej\u00f3 una serie de pistas para encontrarlos, y tal vez Jack sea el \u00fanico que conoc\u00eda lo suficiente a su padre como para saber resolver el misterio. Sin embargo, quiera o no, necesitar\u00e1 la ayuda de Parker. El reloj avanza, y los Usurpadores no dudar\u00e1n en atacar a las personas que m\u00e1s quieren si nos les entregan la f\u00f3rmula de un Eclipse.<\/p>\n","protected":false},"excerpt":{"rendered":"<p>J.R. Johansson<\/p>\n","protected":false},"featured_media":3511,"template":"","meta":{"_joinchat":[]},"product_brand":[],"product_cat":[37,36],"product_tag":[48],"class_list":{"0":"post-3510","1":"product","2":"type-product","3":"status-publish","4":"has-post-thumbnail","6":"product_cat-misterio-y-thriller","7":"product_cat-terror-y-paranormal","8":"product_tag-vr-editoras","10":"first","11":"outofstock","12":"shipping-taxable","13":"purchasable","14":"product-type-simple"},"_links":{"self":[{"href":"https:\/\/libreriahistoriasdebolsillo.com\/index.php\/wp-json\/wp\/v2\/product\/3510","targetHints":{"allow":["GET"]}}],"collection":[{"href":"https:\/\/libreriahistoriasdebolsillo.com\/index.php\/wp-json\/wp\/v2\/product"}],"about":[{"href":"https:\/\/libreriahistoriasdebolsillo.com\/index.php\/wp-json\/wp\/v2\/types\/product"}],"wp:featuredmedia":[{"embeddable":true,"href":"https:\/\/libreriahistoriasdebolsillo.com\/index.php\/wp-json\/wp\/v2\/media\/3511"}],"wp:attachment":[{"href":"https:\/\/libreriahistoriasdebolsillo.com\/index.php\/wp-json\/wp\/v2\/media?parent=3510"}],"wp:term":[{"taxonomy":"product_brand","embeddable":true,"href":"https:\/\/libreriahistoriasdebolsillo.com\/index.php\/wp-json\/wp\/v2\/product_brand?post=3510"},{"taxonomy":"product_cat","embeddable":true,"href":"https:\/\/libreriahistoriasdebolsillo.com\/index.php\/wp-json\/wp\/v2\/product_cat?post=3510"},{"taxonomy":"product_tag","embeddable":true,"href":"https:\/\/libreriahistoriasdebolsillo.com\/index.php\/wp-json\/wp\/v2\/product_tag?post=3510"}],"curies":[{"name":"wp","href":"https:\/\/api.w.org\/{rel}","templated":true}]}}