{"id":3512,"date":"2024-01-26T14:44:21","date_gmt":"2024-01-26T20:44:21","guid":{"rendered":"https:\/\/libreriahistoriasdebolsillo.com\/?post_type=product&#038;p=3512"},"modified":"2025-02-14T16:54:24","modified_gmt":"2025-02-14T22:54:24","slug":"diario-de-una-ruptura","status":"publish","type":"product","link":"https:\/\/libreriahistoriasdebolsillo.com\/index.php\/producto\/diario-de-una-ruptura\/","title":{"rendered":"Diario de una ruptura"},"content":{"rendered":"<p>Brenda acaba de cumplir 18 a\u00f1os y por primera vez en su vida est\u00e1 enamorada. Su novio, Alex, es inteligente, atractivo, y parece el candidato perfecto para ella. Pero un d\u00eda, sin motivo aparente ni excusa, \u00e9l decide cortar la relaci\u00f3n. Desesperada, ella intentar\u00e1 encontrar explicaciones y un sentido a su nueva realidad. En el camino, realizar\u00e1 interesantes descubrimientos sobre s\u00ed misma y su entorno. Diario de una ruptura es una historia para identificarse y para volver a empezar. Un relato que habla de la importancia de los amigos, de la familia, de aprender a pedir ayuda y confiar en el otro. Y es tambi\u00e9n una gu\u00eda, que nos muestra que las respuestas a muchas de nuestras preguntas pueden estar m\u00e1s cerca de lo que creemos.<\/p>\n","protected":false},"excerpt":{"rendered":"<p>Georgina Dritsos<\/p>\n","protected":false},"featured_media":3513,"template":"","meta":{"_joinchat":[]},"product_brand":[],"product_cat":[58,41],"product_tag":[48],"class_list":{"0":"post-3512","1":"product","2":"type-product","3":"status-publish","4":"has-post-thumbnail","6":"product_cat-desarrollo-humano-y-superacion","7":"product_cat-desarrollo-humano","8":"product_tag-vr-editoras","10":"first","11":"outofstock","12":"shipping-taxable","13":"purchasable","14":"product-type-simple"},"_links":{"self":[{"href":"https:\/\/libreriahistoriasdebolsillo.com\/index.php\/wp-json\/wp\/v2\/product\/3512","targetHints":{"allow":["GET"]}}],"collection":[{"href":"https:\/\/libreriahistoriasdebolsillo.com\/index.php\/wp-json\/wp\/v2\/product"}],"about":[{"href":"https:\/\/libreriahistoriasdebolsillo.com\/index.php\/wp-json\/wp\/v2\/types\/product"}],"wp:featuredmedia":[{"embeddable":true,"href":"https:\/\/libreriahistoriasdebolsillo.com\/index.php\/wp-json\/wp\/v2\/media\/3513"}],"wp:attachment":[{"href":"https:\/\/libreriahistoriasdebolsillo.com\/index.php\/wp-json\/wp\/v2\/media?parent=3512"}],"wp:term":[{"taxonomy":"product_brand","embeddable":true,"href":"https:\/\/libreriahistoriasdebolsillo.com\/index.php\/wp-json\/wp\/v2\/product_brand?post=3512"},{"taxonomy":"product_cat","embeddable":true,"href":"https:\/\/libreriahistoriasdebolsillo.com\/index.php\/wp-json\/wp\/v2\/product_cat?post=3512"},{"taxonomy":"product_tag","embeddable":true,"href":"https:\/\/libreriahistoriasdebolsillo.com\/index.php\/wp-json\/wp\/v2\/product_tag?post=3512"}],"curies":[{"name":"wp","href":"https:\/\/api.w.org\/{rel}","templated":true}]}}