{"id":3514,"date":"2024-01-26T14:48:14","date_gmt":"2024-01-26T20:48:14","guid":{"rendered":"https:\/\/libreriahistoriasdebolsillo.com\/?post_type=product&#038;p=3514"},"modified":"2025-02-14T16:56:27","modified_gmt":"2025-02-14T22:56:27","slug":"tu-memoria-aprende-como-funciona-y-como-preservarla","status":"publish","type":"product","link":"https:\/\/libreriahistoriasdebolsillo.com\/index.php\/producto\/tu-memoria-aprende-como-funciona-y-como-preservarla\/","title":{"rendered":"Tu memoria, aprende c\u00f3mo funciona y c\u00f3mo preservarla"},"content":{"rendered":"<p>\u00bfC\u00f3mo se forman los recuerdos? \u00bfPor qu\u00e9 recordamos y olvidamos? \u00bfTiene el olvido alguna funci\u00f3n? \u00bfEs cierto que fijamos los recuerdos durante el sue\u00f1o? \u00bfExisten diferencias entre la capacidad memor\u00edstica de hombres y mujeres? \u00bfQu\u00e9 enfermedades afectan al cerebro? Este libro desentra\u00f1a los secretos del \u00f3rgano que rige nuestro cuerpo y nos muestra c\u00f3mo cuidar y preservar ese gran tesoro que es la memoria.<\/p>\n<p>LAS CLAVES PARA COMPRENDER Y CUIDAR NUESTRO ALMAC\u00c9N DE LOS RECUERDOS.<\/p>\n","protected":false},"excerpt":{"rendered":"<p>Dr. Oril Grau<\/p>\n","protected":false},"featured_media":3515,"template":"","meta":{"_joinchat":[]},"product_brand":[],"product_cat":[58,41,51],"product_tag":[48],"class_list":{"0":"post-3514","1":"product","2":"type-product","3":"status-publish","4":"has-post-thumbnail","6":"product_cat-desarrollo-humano-y-superacion","7":"product_cat-desarrollo-humano","8":"product_cat-oferta","9":"product_tag-vr-editoras","11":"first","12":"outofstock","13":"shipping-taxable","14":"purchasable","15":"product-type-simple"},"_links":{"self":[{"href":"https:\/\/libreriahistoriasdebolsillo.com\/index.php\/wp-json\/wp\/v2\/product\/3514","targetHints":{"allow":["GET"]}}],"collection":[{"href":"https:\/\/libreriahistoriasdebolsillo.com\/index.php\/wp-json\/wp\/v2\/product"}],"about":[{"href":"https:\/\/libreriahistoriasdebolsillo.com\/index.php\/wp-json\/wp\/v2\/types\/product"}],"wp:featuredmedia":[{"embeddable":true,"href":"https:\/\/libreriahistoriasdebolsillo.com\/index.php\/wp-json\/wp\/v2\/media\/3515"}],"wp:attachment":[{"href":"https:\/\/libreriahistoriasdebolsillo.com\/index.php\/wp-json\/wp\/v2\/media?parent=3514"}],"wp:term":[{"taxonomy":"product_brand","embeddable":true,"href":"https:\/\/libreriahistoriasdebolsillo.com\/index.php\/wp-json\/wp\/v2\/product_brand?post=3514"},{"taxonomy":"product_cat","embeddable":true,"href":"https:\/\/libreriahistoriasdebolsillo.com\/index.php\/wp-json\/wp\/v2\/product_cat?post=3514"},{"taxonomy":"product_tag","embeddable":true,"href":"https:\/\/libreriahistoriasdebolsillo.com\/index.php\/wp-json\/wp\/v2\/product_tag?post=3514"}],"curies":[{"name":"wp","href":"https:\/\/api.w.org\/{rel}","templated":true}]}}