{"id":3516,"date":"2024-01-26T14:54:19","date_gmt":"2024-01-26T20:54:19","guid":{"rendered":"https:\/\/libreriahistoriasdebolsillo.com\/?post_type=product&#038;p=3516"},"modified":"2025-02-14T17:31:27","modified_gmt":"2025-02-14T23:31:27","slug":"aprende-a-respirar","status":"publish","type":"product","link":"https:\/\/libreriahistoriasdebolsillo.com\/index.php\/producto\/aprende-a-respirar\/","title":{"rendered":"Aprende a respirar"},"content":{"rendered":"<p>Muchas veces respiramos solo lo imprescindible para subsistir y no somos conscientes de la incre\u00edble fuerza vital, fuente curativa y de bienestar que se esconde en la respiraci\u00f3n. El estr\u00e9s, la angustia, la tensi\u00f3n, una mala postura, la contaminaci\u00f3n son algunos de los factores que nos impiden respirar profundamente, hechos que afectan al equilibrio de nuestro organismo, tanto ps\u00edquico como f\u00edsico. Aprender a respirar bien en cualquier situaci\u00f3n nos ayuda a recuperar la salud y a mantener un buen tono energ\u00e9tico. Hiltrud Lodes propone una amplia selecci\u00f3n de respiraciones terap\u00e9uticas que invitan a una pr\u00e1ctica inmediata para relajarse y tener mayor vitalidad y movilidad con efectos beneficiosos para la voz y el habla; para enfermedades respiratorias, circulatorias y digestivas.<\/p>\n","protected":false},"excerpt":{"rendered":"<p>Hiltrud Lodes<\/p>\n","protected":false},"featured_media":3517,"template":"","meta":{"_joinchat":[]},"product_brand":[],"product_cat":[41],"product_tag":[48],"class_list":{"0":"post-3516","1":"product","2":"type-product","3":"status-publish","4":"has-post-thumbnail","6":"product_cat-desarrollo-humano","7":"product_tag-vr-editoras","9":"first","10":"outofstock","11":"shipping-taxable","12":"purchasable","13":"product-type-simple"},"_links":{"self":[{"href":"https:\/\/libreriahistoriasdebolsillo.com\/index.php\/wp-json\/wp\/v2\/product\/3516","targetHints":{"allow":["GET"]}}],"collection":[{"href":"https:\/\/libreriahistoriasdebolsillo.com\/index.php\/wp-json\/wp\/v2\/product"}],"about":[{"href":"https:\/\/libreriahistoriasdebolsillo.com\/index.php\/wp-json\/wp\/v2\/types\/product"}],"wp:featuredmedia":[{"embeddable":true,"href":"https:\/\/libreriahistoriasdebolsillo.com\/index.php\/wp-json\/wp\/v2\/media\/3517"}],"wp:attachment":[{"href":"https:\/\/libreriahistoriasdebolsillo.com\/index.php\/wp-json\/wp\/v2\/media?parent=3516"}],"wp:term":[{"taxonomy":"product_brand","embeddable":true,"href":"https:\/\/libreriahistoriasdebolsillo.com\/index.php\/wp-json\/wp\/v2\/product_brand?post=3516"},{"taxonomy":"product_cat","embeddable":true,"href":"https:\/\/libreriahistoriasdebolsillo.com\/index.php\/wp-json\/wp\/v2\/product_cat?post=3516"},{"taxonomy":"product_tag","embeddable":true,"href":"https:\/\/libreriahistoriasdebolsillo.com\/index.php\/wp-json\/wp\/v2\/product_tag?post=3516"}],"curies":[{"name":"wp","href":"https:\/\/api.w.org\/{rel}","templated":true}]}}