{"id":3520,"date":"2024-01-26T14:57:56","date_gmt":"2024-01-26T20:57:56","guid":{"rendered":"https:\/\/libreriahistoriasdebolsillo.com\/?post_type=product&#038;p=3520"},"modified":"2025-06-02T17:32:52","modified_gmt":"2025-06-02T23:32:52","slug":"historia-de-la-guerra-del-peloponeso-i-ii-pasta-dura","status":"publish","type":"product","link":"https:\/\/libreriahistoriasdebolsillo.com\/index.php\/producto\/historia-de-la-guerra-del-peloponeso-i-ii-pasta-dura\/","title":{"rendered":"Historia de la guerra del Peloponeso I-II (Pasta dura)"},"content":{"rendered":"<p>Con Tuc\u00eddides comienza la historia pol\u00edtica y cr\u00edtica, una historia austera y anal\u00edtica en contraste con la perspectiva m\u00e1s amplia y coloreada de Her\u00f3doto. La Historia de la guerra del Peloponeso se convierte pronto en el paradigma del relato hist\u00f3rico que pretende narrar con precisi\u00f3n los sucesos de una guerra que sacudi\u00f3 el mundo griego y las conmociones pol\u00edticas del propio tiempo, y luego inferir sus causas y consecuencias en un plano profundo. La visi\u00f3n hist\u00f3rica de Tuc\u00eddides, su an\u00e1lisis y su reflexi\u00f3n son un documento inolvidable, \u00abcl\u00e1sico\u00bb en el sentido m\u00e1s riguroso del t\u00e9rmino. Esta es la primera entrega de las cuatro que constituyen esta cuidada versi\u00f3n de su obra, que refleja bien el estilo tucid\u00eddeo y su minuciosidad. Publicado originalmente en la BCG con el n\u00famero 149, este volumen presenta la traducci\u00f3n de los libros I-II de la Historia de la guerra del Peloponeso de Tuc\u00eddides realizada por Juan Jos\u00e9 Torres Esbarranch. Juan Carlos Iglesias-Zoido (Universidad de Extremadura) ha redactado una nueva introducci\u00f3n para esta edici\u00f3n.<\/p>\n","protected":false},"excerpt":{"rendered":"<p>Tuc\u00eddides<\/p>\n","protected":false},"featured_media":3521,"template":"","meta":{"_joinchat":[]},"product_brand":[],"product_cat":[42],"product_tag":[48],"class_list":{"0":"post-3520","1":"product","2":"type-product","3":"status-publish","4":"has-post-thumbnail","6":"product_cat-literatura-clasica","7":"product_tag-vr-editoras","9":"first","10":"instock","11":"shipping-taxable","12":"purchasable","13":"product-type-simple"},"_links":{"self":[{"href":"https:\/\/libreriahistoriasdebolsillo.com\/index.php\/wp-json\/wp\/v2\/product\/3520","targetHints":{"allow":["GET"]}}],"collection":[{"href":"https:\/\/libreriahistoriasdebolsillo.com\/index.php\/wp-json\/wp\/v2\/product"}],"about":[{"href":"https:\/\/libreriahistoriasdebolsillo.com\/index.php\/wp-json\/wp\/v2\/types\/product"}],"wp:featuredmedia":[{"embeddable":true,"href":"https:\/\/libreriahistoriasdebolsillo.com\/index.php\/wp-json\/wp\/v2\/media\/3521"}],"wp:attachment":[{"href":"https:\/\/libreriahistoriasdebolsillo.com\/index.php\/wp-json\/wp\/v2\/media?parent=3520"}],"wp:term":[{"taxonomy":"product_brand","embeddable":true,"href":"https:\/\/libreriahistoriasdebolsillo.com\/index.php\/wp-json\/wp\/v2\/product_brand?post=3520"},{"taxonomy":"product_cat","embeddable":true,"href":"https:\/\/libreriahistoriasdebolsillo.com\/index.php\/wp-json\/wp\/v2\/product_cat?post=3520"},{"taxonomy":"product_tag","embeddable":true,"href":"https:\/\/libreriahistoriasdebolsillo.com\/index.php\/wp-json\/wp\/v2\/product_tag?post=3520"}],"curies":[{"name":"wp","href":"https:\/\/api.w.org\/{rel}","templated":true}]}}