{"id":3522,"date":"2024-01-26T15:01:16","date_gmt":"2024-01-26T21:01:16","guid":{"rendered":"https:\/\/libreriahistoriasdebolsillo.com\/?post_type=product&#038;p=3522"},"modified":"2025-02-14T16:57:46","modified_gmt":"2025-02-14T22:57:46","slug":"introduccion-a-nietzsche","status":"publish","type":"product","link":"https:\/\/libreriahistoriasdebolsillo.com\/index.php\/producto\/introduccion-a-nietzsche\/","title":{"rendered":"Introducci\u00f3n a Nietzsche"},"content":{"rendered":"<p>Friedrich Nietzsche es el pensador cr\u00edtico por antonomasia. Se enfrent\u00f3 a la cultura de su \u00e9poca, atac\u00f3 de forma violenta la moral tradicional y lleg\u00f3 a predicar la muerte de Dios. Construy\u00f3 una filosof\u00eda basada en la supremac\u00eda de la vida y decret\u00f3 que el porvenir pertenec\u00eda a un nuevo tipo humano, el \u00absuperhombre\u00bb, y al nuevo sistema de valores que traer\u00eda con \u00e9l. Su influencia hoy a\u00fan es abrumadora. Este libro constituye el acercamiento ideal al cr\u00edtico m\u00e1s radical y l\u00facido de la sociedad contempor\u00e1nea, cuyas ideas aspiran tambi\u00e9n a configurar el futuro.<\/p>\n","protected":false},"excerpt":{"rendered":"<p>Jos\u00e9 Rafael Hern\u00e1ndez Arias<\/p>\n","protected":false},"featured_media":3523,"template":"","meta":{"_joinchat":[]},"product_brand":[],"product_cat":[61,41],"product_tag":[48],"class_list":{"0":"post-3522","1":"product","2":"type-product","3":"status-publish","4":"has-post-thumbnail","6":"product_cat-filosofia","7":"product_cat-desarrollo-humano","8":"product_tag-vr-editoras","10":"first","11":"outofstock","12":"shipping-taxable","13":"purchasable","14":"product-type-simple"},"_links":{"self":[{"href":"https:\/\/libreriahistoriasdebolsillo.com\/index.php\/wp-json\/wp\/v2\/product\/3522","targetHints":{"allow":["GET"]}}],"collection":[{"href":"https:\/\/libreriahistoriasdebolsillo.com\/index.php\/wp-json\/wp\/v2\/product"}],"about":[{"href":"https:\/\/libreriahistoriasdebolsillo.com\/index.php\/wp-json\/wp\/v2\/types\/product"}],"wp:featuredmedia":[{"embeddable":true,"href":"https:\/\/libreriahistoriasdebolsillo.com\/index.php\/wp-json\/wp\/v2\/media\/3523"}],"wp:attachment":[{"href":"https:\/\/libreriahistoriasdebolsillo.com\/index.php\/wp-json\/wp\/v2\/media?parent=3522"}],"wp:term":[{"taxonomy":"product_brand","embeddable":true,"href":"https:\/\/libreriahistoriasdebolsillo.com\/index.php\/wp-json\/wp\/v2\/product_brand?post=3522"},{"taxonomy":"product_cat","embeddable":true,"href":"https:\/\/libreriahistoriasdebolsillo.com\/index.php\/wp-json\/wp\/v2\/product_cat?post=3522"},{"taxonomy":"product_tag","embeddable":true,"href":"https:\/\/libreriahistoriasdebolsillo.com\/index.php\/wp-json\/wp\/v2\/product_tag?post=3522"}],"curies":[{"name":"wp","href":"https:\/\/api.w.org\/{rel}","templated":true}]}}